{"id":5871,"date":"2025-08-28T16:29:57","date_gmt":"2025-08-28T20:29:57","guid":{"rendered":"https:\/\/flodega.com\/?post_type=product&#038;p=5871"},"modified":"2025-10-17T12:31:49","modified_gmt":"2025-10-17T16:31:49","slug":"first-class-funk-live-rosin","status":"publish","type":"product","link":"https:\/\/flodega.com\/fr\/produit\/first-class-funk-live-rosin\/","title":{"rendered":"First Class Funk live rosin"},"content":{"rendered":"[vc_row type=\u00a0\u00bbin_container\u00a0\u00bb full_screen_row_position=\u00a0\u00bbmiddle\u00a0\u00bb column_margin=\u00a0\u00bbdefault\u00a0\u00bb column_direction=\u00a0\u00bbdefault\u00a0\u00bb column_direction_tablet=\u00a0\u00bbdefault\u00a0\u00bb column_direction_phone=\u00a0\u00bbdefault\u00a0\u00bb scene_position=\u00a0\u00bbcenter\u00a0\u00bb text_color=\u00a0\u00bbdark\u00a0\u00bb text_align=\u00a0\u00bbleft\u00a0\u00bb row_border_radius=\u00a0\u00bbnone\u00a0\u00bb row_border_radius_applies=\u00a0\u00bbbg\u00a0\u00bb overflow=\u00a0\u00bbvisible\u00a0\u00bb class=\u00a0\u00bbflodega-single-product\u00a0\u00bb overlay_strength=\u00a0\u00bb0.3&Prime; gradient_direction=\u00a0\u00bbleft_to_right\u00a0\u00bb shape_divider_position=\u00a0\u00bbbottom\u00a0\u00bb bg_image_animation=\u00a0\u00bbnone\u00a0\u00bb gradient_type=\u00a0\u00bbdefault\u00a0\u00bb shape_type=\u00a0\u00bb\u00a0\u00bb][vc_column column_padding=\u00a0\u00bbno-extra-padding\u00a0\u00bb column_padding_tablet=\u00a0\u00bbinherit\u00a0\u00bb column_padding_phone=\u00a0\u00bbinherit\u00a0\u00bb column_padding_position=\u00a0\u00bball\u00a0\u00bb column_element_direction_desktop=\u00a0\u00bbdefault\u00a0\u00bb column_element_spacing=\u00a0\u00bbdefault\u00a0\u00bb desktop_text_alignment=\u00a0\u00bbdefault\u00a0\u00bb tablet_text_alignment=\u00a0\u00bbdefault\u00a0\u00bb phone_text_alignment=\u00a0\u00bbdefault\u00a0\u00bb background_color_opacity=\u00a0\u00bb1&Prime; background_hover_color_opacity=\u00a0\u00bb1&Prime; column_backdrop_filter=\u00a0\u00bbnone\u00a0\u00bb column_shadow=\u00a0\u00bbnone\u00a0\u00bb column_border_radius=\u00a0\u00bbnone\u00a0\u00bb column_link_target=\u00a0\u00bb_self\u00a0\u00bb column_position=\u00a0\u00bbdefault\u00a0\u00bb gradient_direction=\u00a0\u00bbleft_to_right\u00a0\u00bb overlay_strength=\u00a0\u00bb0.3&Prime; width=\u00a0\u00bb1\/1&Prime; tablet_width_inherit=\u00a0\u00bbdefault\u00a0\u00bb animation_type=\u00a0\u00bbdefault\u00a0\u00bb bg_image_animation=\u00a0\u00bbnone\u00a0\u00bb border_type=\u00a0\u00bbsimple\u00a0\u00bb column_border_width=\u00a0\u00bbnone\u00a0\u00bb column_border_style=\u00a0\u00bbsolid\u00a0\u00bb][toggles style=\u00a0\u00bbminimal\u00a0\u00bb accordion=\u00a0\u00bbtrue\u00a0\u00bb accordion_starting_functionality=\u00a0\u00bbclosed\u00a0\u00bb][toggle color=\u00a0\u00bbDefault\u00a0\u00bb heading_tag=\u00a0\u00bbdefault\u00a0\u00bb heading_tag_functionality=\u00a0\u00bbdefault\u00a0\u00bb title=\u00a0\u00bbDescription\u00a0\u00bb][vc_column_text css=\u00a0\u00bb\u00a0\u00bb text_direction=\u00a0\u00bbdefault\u00a0\u00bb]<span style=\"font-weight: 400;\">Par Unlicensed Producer &#8211; Une coupe l\u00e9gendaire d\u2019un producteur l\u00e9gendaire, <\/span><i><span style=\"font-weight: 400;\">First Class Funk<\/span><\/i><span style=\"font-weight: 400;\"> tient toutes ses promesses et a m\u00e9rit\u00e9 sa place permanente parmi les classiques canadiens. Ce live rosin de Unlicensed Producer est une magnifique repr\u00e9sentation de cette vari\u00e9t\u00e9 dans sa forme la plus pure. Il pr\u00e9sente un \u00e9quilibre parfait entre les ar\u00f4mes de Jet Fuel Gelato et de GMO : JFG domine en premier nez, tandis que GMO prend le relais en arri\u00e8re-plan, ajoutant cette touche funky qui compl\u00e8te parfaitement l\u2019ensemble. Les effets sont tr\u00e8s marqu\u00e9s par le profil GMO, avec des sensations puissantes et profond\u00e9ment apaisantes, capables de surprendre m\u00eame les plus aguerris. Des notes gazeuses, menthol\u00e9es et herbac\u00e9es, avec une douceur funky en fin d\u2019expiration qui persiste longtemps apr\u00e8s la derni\u00e8re bouff\u00e9e. Quand on conna\u00eet ces terp\u00e8nes, il est impossible de se tromper : c\u2019est bien <\/span><i><span style=\"font-weight: 400;\">First Class Funk<\/span><\/i><span style=\"font-weight: 400;\">, et c\u2019est clairement du <\/span><i><span style=\"font-weight: 400;\">First Class Meds<\/span><\/i><span style=\"font-weight: 400;\">.<\/span>[\/vc_column_text][\/toggle][toggle color=\u00a0\u00bbDefault\u00a0\u00bb heading_tag=\u00a0\u00bbdefault\u00a0\u00bb heading_tag_functionality=\u00a0\u00bbdefault\u00a0\u00bb title=\u00a0\u00bbSp\u00e9cifications\u00a0\u00bb][vc_column_text css=\u00a0\u00bb\u00a0\u00bb text_direction=\u00a0\u00bbdefault\u00a0\u00bb]Hybride de dominance indica<\/p>\n<p>THC %: 72-77<\/p>\n<p>Terp\u00e8nes %: 8-11<\/p>\n[\/vc_column_text][\/toggle][toggle color=\u00a0\u00bbDefault\u00a0\u00bb heading_tag=\u00a0\u00bbdefault\u00a0\u00bb heading_tag_functionality=\u00a0\u00bbdefault\u00a0\u00bb title=\u00a0\u00bbSaveurs, ar\u00f4mes, sensations\u00a0\u00bb][vc_column_text css=\u00a0\u00bb\u00a0\u00bb text_direction=\u00a0\u00bbdefault\u00a0\u00bb]<span style=\"font-weight: 400;\">Fra\u00eecheur herbac\u00e9e funky et vive, m\u00eal\u00e9e \u00e0 un fruit exotique citronn\u00e9.<\/span><\/p>\n<p><span style=\"font-weight: 400;\">Lourdeur, relaxation profonde, clart\u00e9 et concentration.<\/span>[\/vc_column_text][\/toggle][\/toggles][\/vc_column][\/vc_row]\n","protected":false},"excerpt":{"rendered":"<p>[vc_row type=\u00a0\u00bbin_container\u00a0\u00bb full_screen_row_position=\u00a0\u00bbmiddle\u00a0\u00bb column_margin=\u00a0\u00bbdefault\u00a0\u00bb column_direction=\u00a0\u00bbdefault\u00a0\u00bb column_direction_tablet=\u00a0\u00bbdefault\u00a0\u00bb column_direction_phone=\u00a0\u00bbdefault\u00a0\u00bb scene_position=\u00a0\u00bbcenter\u00a0\u00bb text_color=\u00a0\u00bbdark\u00a0\u00bb text_align=\u00a0\u00bbleft\u00a0\u00bb row_border_radius=\u00a0\u00bbnone\u00a0\u00bb row_border_radius_applies=\u00a0\u00bbbg\u00a0\u00bb overflow=\u00a0\u00bbvisible\u00a0\u00bb class=\u00a0\u00bbflodega-single-product\u00a0\u00bb overlay_strength=\u00a0\u00bb0.3&Prime; gradient_direction=\u00a0\u00bbleft_to_right\u00a0\u00bb shape_divider_position=\u00a0\u00bbbottom\u00a0\u00bb bg_image_animation=\u00a0\u00bbnone\u00a0\u00bb gradient_type=\u00a0\u00bbdefault\u00a0\u00bb shape_type=\u00a0\u00bb\u00a0\u00bb][vc_column column_padding=\u00a0\u00bbno-extra-padding\u00a0\u00bb column_padding_tablet=\u00a0\u00bbinherit\u00a0\u00bb column_padding_phone=\u00a0\u00bbinherit\u00a0\u00bb column_padding_position=\u00a0\u00bball\u00a0\u00bb column_element_direction_desktop=\u00a0\u00bbdefault\u00a0\u00bb column_element_spacing=\u00a0\u00bbdefault\u00a0\u00bb desktop_text_alignment=\u00a0\u00bbdefault\u00a0\u00bb tablet_text_alignment=\u00a0\u00bbdefault\u00a0\u00bb phone_text_alignment=\u00a0\u00bbdefault\u00a0\u00bb background_color_opacity=\u00a0\u00bb1&Prime;&#8230;<\/p>\n","protected":false},"featured_media":5810,"comment_status":"closed","ping_status":"closed","template":"","meta":{"_acf_changed":false},"product_brand":[329],"product_cat":[166],"product_tag":[195,338,356,215,348,349,357,358,340,196,359,341,343,344,345],"class_list":{"0":"post-5871","1":"product","2":"type-product","3":"status-publish","4":"has-post-thumbnail","6":"product_brand-unlicensed-producer","7":"product_cat-concentres-fr","8":"product_tag-cured-rosin-fr","9":"product_tag-dab-fr","10":"product_tag-extract-fr","11":"product_tag-extracts-fr","12":"product_tag-extrait","13":"product_tag-extraits","14":"product_tag-first-class-funk-fr","15":"product_tag-funk-fr","16":"product_tag-live-rosin-fr","17":"product_tag-rosin-fr","18":"product_tag-rosin-concentrates-fr","19":"product_tag-solventless-fr","20":"product_tag-unlicensed-fr","21":"product_tag-unlicensed-producer-fr","22":"product_tag-wax-fr","23":"pa_weight-in-grams-1g-fr","25":"first","26":"outofstock","27":"taxable","28":"shipping-taxable","29":"purchasable","30":"product-type-variable"},"acf":[],"yoast_head":"<!-- This site is optimized with the Yoast SEO plugin v26.9 - https:\/\/yoast.com\/product\/yoast-seo-wordpress\/ -->\n<title>First Class Funk live rosin | Flodega<\/title>\n<meta name=\"robots\" content=\"index, follow, max-snippet:-1, max-image-preview:large, max-video-preview:-1\" \/>\n<link rel=\"canonical\" href=\"https:\/\/flodega.com\/fr\/produit\/first-class-funk-live-rosin\/\" \/>\n<meta property=\"og:locale\" content=\"fr_CA\" \/>\n<meta property=\"og:type\" content=\"article\" \/>\n<meta property=\"og:title\" content=\"First Class Funk live rosin | Flodega\" \/>\n<meta property=\"og:description\" content=\"[vc_row type=\u00a0\u00bbin_container\u00a0\u00bb full_screen_row_position=\u00a0\u00bbmiddle\u00a0\u00bb column_margin=\u00a0\u00bbdefault\u00a0\u00bb column_direction=\u00a0\u00bbdefault\u00a0\u00bb column_direction_tablet=\u00a0\u00bbdefault\u00a0\u00bb column_direction_phone=\u00a0\u00bbdefault\u00a0\u00bb scene_position=\u00a0\u00bbcenter\u00a0\u00bb text_color=\u00a0\u00bbdark\u00a0\u00bb text_align=\u00a0\u00bbleft\u00a0\u00bb row_border_radius=\u00a0\u00bbnone\u00a0\u00bb row_border_radius_applies=\u00a0\u00bbbg\u00a0\u00bb overflow=\u00a0\u00bbvisible\u00a0\u00bb class=\u00a0\u00bbflodega-single-product\u00a0\u00bb overlay_strength=\u00a0\u00bb0.3&Prime; gradient_direction=\u00a0\u00bbleft_to_right\u00a0\u00bb shape_divider_position=\u00a0\u00bbbottom\u00a0\u00bb bg_image_animation=\u00a0\u00bbnone\u00a0\u00bb gradient_type=\u00a0\u00bbdefault\u00a0\u00bb shape_type=\u00a0\u00bb\u00a0\u00bb][vc_column column_padding=\u00a0\u00bbno-extra-padding\u00a0\u00bb column_padding_tablet=\u00a0\u00bbinherit\u00a0\u00bb column_padding_phone=\u00a0\u00bbinherit\u00a0\u00bb column_padding_position=\u00a0\u00bball\u00a0\u00bb column_element_direction_desktop=\u00a0\u00bbdefault\u00a0\u00bb column_element_spacing=\u00a0\u00bbdefault\u00a0\u00bb desktop_text_alignment=\u00a0\u00bbdefault\u00a0\u00bb tablet_text_alignment=\u00a0\u00bbdefault\u00a0\u00bb phone_text_alignment=\u00a0\u00bbdefault\u00a0\u00bb background_color_opacity=\u00a0\u00bb1&Prime;...\" \/>\n<meta property=\"og:url\" content=\"https:\/\/flodega.com\/fr\/produit\/first-class-funk-live-rosin\/\" \/>\n<meta property=\"og:site_name\" content=\"Flodega\" \/>\n<meta property=\"article:publisher\" content=\"https:\/\/www.facebook.com\/profile.php?id=100089142892690\" \/>\n<meta property=\"article:modified_time\" content=\"2025-10-17T16:31:49+00:00\" \/>\n<meta property=\"og:image\" content=\"https:\/\/flodega.com\/wp-content\/uploads\/2025\/08\/FCF_LR_1x1-2.jpg\" \/>\n\t<meta property=\"og:image:width\" content=\"2000\" \/>\n\t<meta property=\"og:image:height\" content=\"2000\" \/>\n\t<meta property=\"og:image:type\" content=\"image\/jpeg\" \/>\n<meta name=\"twitter:card\" content=\"summary_large_image\" \/>\n<meta name=\"twitter:label1\" content=\"Estimation du temps de lecture\" \/>\n\t<meta name=\"twitter:data1\" content=\"1 minute\" \/>\n<script type=\"application\/ld+json\" class=\"yoast-schema-graph\">{\"@context\":\"https:\/\/schema.org\",\"@graph\":[{\"@type\":\"WebPage\",\"@id\":\"https:\/\/flodega.com\/fr\/produit\/first-class-funk-live-rosin\/\",\"url\":\"https:\/\/flodega.com\/fr\/produit\/first-class-funk-live-rosin\/\",\"name\":\"First Class Funk live rosin | Flodega\",\"isPartOf\":{\"@id\":\"https:\/\/flodega.com\/#website\"},\"primaryImageOfPage\":{\"@id\":\"https:\/\/flodega.com\/fr\/produit\/first-class-funk-live-rosin\/#primaryimage\"},\"image\":{\"@id\":\"https:\/\/flodega.com\/fr\/produit\/first-class-funk-live-rosin\/#primaryimage\"},\"thumbnailUrl\":\"https:\/\/flodega.com\/wp-content\/uploads\/2025\/08\/FCF_LR_1x1-2.jpg\",\"datePublished\":\"2025-08-28T20:29:57+00:00\",\"dateModified\":\"2025-10-17T16:31:49+00:00\",\"breadcrumb\":{\"@id\":\"https:\/\/flodega.com\/fr\/produit\/first-class-funk-live-rosin\/#breadcrumb\"},\"inLanguage\":\"fr-CA\",\"potentialAction\":[{\"@type\":\"ReadAction\",\"target\":[\"https:\/\/flodega.com\/fr\/produit\/first-class-funk-live-rosin\/\"]}]},{\"@type\":\"ImageObject\",\"inLanguage\":\"fr-CA\",\"@id\":\"https:\/\/flodega.com\/fr\/produit\/first-class-funk-live-rosin\/#primaryimage\",\"url\":\"https:\/\/flodega.com\/wp-content\/uploads\/2025\/08\/FCF_LR_1x1-2.jpg\",\"contentUrl\":\"https:\/\/flodega.com\/wp-content\/uploads\/2025\/08\/FCF_LR_1x1-2.jpg\",\"width\":2000,\"height\":2000},{\"@type\":\"BreadcrumbList\",\"@id\":\"https:\/\/flodega.com\/fr\/produit\/first-class-funk-live-rosin\/#breadcrumb\",\"itemListElement\":[{\"@type\":\"ListItem\",\"position\":1,\"name\":\"Accueil\",\"item\":\"https:\/\/flodega.com\/fr\/\"},{\"@type\":\"ListItem\",\"position\":2,\"name\":\"La shop\",\"item\":\"https:\/\/flodega.com\/fr\/boutique\/\"},{\"@type\":\"ListItem\",\"position\":3,\"name\":\"First Class Funk live rosin\"}]},{\"@type\":\"WebSite\",\"@id\":\"https:\/\/flodega.com\/#website\",\"url\":\"https:\/\/flodega.com\/\",\"name\":\"Flodega | AAAA\",\"description\":\"AAAA Flowers\",\"publisher\":{\"@id\":\"https:\/\/flodega.com\/#organization\"},\"potentialAction\":[{\"@type\":\"SearchAction\",\"target\":{\"@type\":\"EntryPoint\",\"urlTemplate\":\"https:\/\/flodega.com\/?s={search_term_string}\"},\"query-input\":{\"@type\":\"PropertyValueSpecification\",\"valueRequired\":true,\"valueName\":\"search_term_string\"}}],\"inLanguage\":\"fr-CA\"},{\"@type\":\"Organization\",\"@id\":\"https:\/\/flodega.com\/#organization\",\"name\":\"Flodega\",\"url\":\"https:\/\/flodega.com\/\",\"logo\":{\"@type\":\"ImageObject\",\"inLanguage\":\"fr-CA\",\"@id\":\"https:\/\/flodega.com\/#\/schema\/logo\/image\/\",\"url\":\"https:\/\/flodega.com\/wp-content\/uploads\/2025\/05\/Banner-Flodega.png\",\"contentUrl\":\"https:\/\/flodega.com\/wp-content\/uploads\/2025\/05\/Banner-Flodega.png\",\"width\":5562,\"height\":1710,\"caption\":\"Flodega\"},\"image\":{\"@id\":\"https:\/\/flodega.com\/#\/schema\/logo\/image\/\"},\"sameAs\":[\"https:\/\/www.facebook.com\/profile.php?id=100089142892690\",\"https:\/\/www.instagram.com\/flodegaaaa\/\"]}]}<\/script>\n<!-- \/ Yoast SEO plugin. -->","yoast_head_json":{"title":"First Class Funk live rosin | Flodega","robots":{"index":"index","follow":"follow","max-snippet":"max-snippet:-1","max-image-preview":"max-image-preview:large","max-video-preview":"max-video-preview:-1"},"canonical":"https:\/\/flodega.com\/fr\/produit\/first-class-funk-live-rosin\/","og_locale":"fr_CA","og_type":"article","og_title":"First Class Funk live rosin | Flodega","og_description":"[vc_row type=\u00a0\u00bbin_container\u00a0\u00bb full_screen_row_position=\u00a0\u00bbmiddle\u00a0\u00bb column_margin=\u00a0\u00bbdefault\u00a0\u00bb column_direction=\u00a0\u00bbdefault\u00a0\u00bb column_direction_tablet=\u00a0\u00bbdefault\u00a0\u00bb column_direction_phone=\u00a0\u00bbdefault\u00a0\u00bb scene_position=\u00a0\u00bbcenter\u00a0\u00bb text_color=\u00a0\u00bbdark\u00a0\u00bb text_align=\u00a0\u00bbleft\u00a0\u00bb row_border_radius=\u00a0\u00bbnone\u00a0\u00bb row_border_radius_applies=\u00a0\u00bbbg\u00a0\u00bb overflow=\u00a0\u00bbvisible\u00a0\u00bb class=\u00a0\u00bbflodega-single-product\u00a0\u00bb overlay_strength=\u00a0\u00bb0.3&Prime; gradient_direction=\u00a0\u00bbleft_to_right\u00a0\u00bb shape_divider_position=\u00a0\u00bbbottom\u00a0\u00bb bg_image_animation=\u00a0\u00bbnone\u00a0\u00bb gradient_type=\u00a0\u00bbdefault\u00a0\u00bb shape_type=\u00a0\u00bb\u00a0\u00bb][vc_column column_padding=\u00a0\u00bbno-extra-padding\u00a0\u00bb column_padding_tablet=\u00a0\u00bbinherit\u00a0\u00bb column_padding_phone=\u00a0\u00bbinherit\u00a0\u00bb column_padding_position=\u00a0\u00bball\u00a0\u00bb column_element_direction_desktop=\u00a0\u00bbdefault\u00a0\u00bb column_element_spacing=\u00a0\u00bbdefault\u00a0\u00bb desktop_text_alignment=\u00a0\u00bbdefault\u00a0\u00bb tablet_text_alignment=\u00a0\u00bbdefault\u00a0\u00bb phone_text_alignment=\u00a0\u00bbdefault\u00a0\u00bb background_color_opacity=\u00a0\u00bb1&Prime;...","og_url":"https:\/\/flodega.com\/fr\/produit\/first-class-funk-live-rosin\/","og_site_name":"Flodega","article_publisher":"https:\/\/www.facebook.com\/profile.php?id=100089142892690","article_modified_time":"2025-10-17T16:31:49+00:00","og_image":[{"width":2000,"height":2000,"url":"https:\/\/flodega.com\/wp-content\/uploads\/2025\/08\/FCF_LR_1x1-2.jpg","type":"image\/jpeg"}],"twitter_card":"summary_large_image","twitter_misc":{"Estimation du temps de lecture":"1 minute"},"schema":{"@context":"https:\/\/schema.org","@graph":[{"@type":"WebPage","@id":"https:\/\/flodega.com\/fr\/produit\/first-class-funk-live-rosin\/","url":"https:\/\/flodega.com\/fr\/produit\/first-class-funk-live-rosin\/","name":"First Class Funk live rosin | Flodega","isPartOf":{"@id":"https:\/\/flodega.com\/#website"},"primaryImageOfPage":{"@id":"https:\/\/flodega.com\/fr\/produit\/first-class-funk-live-rosin\/#primaryimage"},"image":{"@id":"https:\/\/flodega.com\/fr\/produit\/first-class-funk-live-rosin\/#primaryimage"},"thumbnailUrl":"https:\/\/flodega.com\/wp-content\/uploads\/2025\/08\/FCF_LR_1x1-2.jpg","datePublished":"2025-08-28T20:29:57+00:00","dateModified":"2025-10-17T16:31:49+00:00","breadcrumb":{"@id":"https:\/\/flodega.com\/fr\/produit\/first-class-funk-live-rosin\/#breadcrumb"},"inLanguage":"fr-CA","potentialAction":[{"@type":"ReadAction","target":["https:\/\/flodega.com\/fr\/produit\/first-class-funk-live-rosin\/"]}]},{"@type":"ImageObject","inLanguage":"fr-CA","@id":"https:\/\/flodega.com\/fr\/produit\/first-class-funk-live-rosin\/#primaryimage","url":"https:\/\/flodega.com\/wp-content\/uploads\/2025\/08\/FCF_LR_1x1-2.jpg","contentUrl":"https:\/\/flodega.com\/wp-content\/uploads\/2025\/08\/FCF_LR_1x1-2.jpg","width":2000,"height":2000},{"@type":"BreadcrumbList","@id":"https:\/\/flodega.com\/fr\/produit\/first-class-funk-live-rosin\/#breadcrumb","itemListElement":[{"@type":"ListItem","position":1,"name":"Accueil","item":"https:\/\/flodega.com\/fr\/"},{"@type":"ListItem","position":2,"name":"La shop","item":"https:\/\/flodega.com\/fr\/boutique\/"},{"@type":"ListItem","position":3,"name":"First Class Funk live rosin"}]},{"@type":"WebSite","@id":"https:\/\/flodega.com\/#website","url":"https:\/\/flodega.com\/","name":"Flodega | AAAA","description":"AAAA Flowers","publisher":{"@id":"https:\/\/flodega.com\/#organization"},"potentialAction":[{"@type":"SearchAction","target":{"@type":"EntryPoint","urlTemplate":"https:\/\/flodega.com\/?s={search_term_string}"},"query-input":{"@type":"PropertyValueSpecification","valueRequired":true,"valueName":"search_term_string"}}],"inLanguage":"fr-CA"},{"@type":"Organization","@id":"https:\/\/flodega.com\/#organization","name":"Flodega","url":"https:\/\/flodega.com\/","logo":{"@type":"ImageObject","inLanguage":"fr-CA","@id":"https:\/\/flodega.com\/#\/schema\/logo\/image\/","url":"https:\/\/flodega.com\/wp-content\/uploads\/2025\/05\/Banner-Flodega.png","contentUrl":"https:\/\/flodega.com\/wp-content\/uploads\/2025\/05\/Banner-Flodega.png","width":5562,"height":1710,"caption":"Flodega"},"image":{"@id":"https:\/\/flodega.com\/#\/schema\/logo\/image\/"},"sameAs":["https:\/\/www.facebook.com\/profile.php?id=100089142892690","https:\/\/www.instagram.com\/flodegaaaa\/"]}]}},"_links":{"self":[{"href":"https:\/\/flodega.com\/fr\/wp-json\/wp\/v2\/product\/5871","targetHints":{"allow":["GET"]}}],"collection":[{"href":"https:\/\/flodega.com\/fr\/wp-json\/wp\/v2\/product"}],"about":[{"href":"https:\/\/flodega.com\/fr\/wp-json\/wp\/v2\/types\/product"}],"replies":[{"embeddable":true,"href":"https:\/\/flodega.com\/fr\/wp-json\/wp\/v2\/comments?post=5871"}],"wp:featuredmedia":[{"embeddable":true,"href":"https:\/\/flodega.com\/fr\/wp-json\/wp\/v2\/media\/5810"}],"wp:attachment":[{"href":"https:\/\/flodega.com\/fr\/wp-json\/wp\/v2\/media?parent=5871"}],"wp:term":[{"taxonomy":"product_brand","embeddable":true,"href":"https:\/\/flodega.com\/fr\/wp-json\/wp\/v2\/product_brand?post=5871"},{"taxonomy":"product_cat","embeddable":true,"href":"https:\/\/flodega.com\/fr\/wp-json\/wp\/v2\/product_cat?post=5871"},{"taxonomy":"product_tag","embeddable":true,"href":"https:\/\/flodega.com\/fr\/wp-json\/wp\/v2\/product_tag?post=5871"}],"curies":[{"name":"wp","href":"https:\/\/api.w.org\/{rel}","templated":true}]}}