{"id":1419,"date":"2024-07-15T16:00:04","date_gmt":"2024-07-15T16:00:04","guid":{"rendered":"https:\/\/flodegaaaa.switch.makemagik.com\/product\/lemonatti\/"},"modified":"2026-04-29T11:04:22","modified_gmt":"2026-04-29T15:04:22","slug":"lemonatti","status":"publish","type":"product","link":"https:\/\/flodega.com\/fr\/produit\/lemonatti\/","title":{"rendered":"Lemonatti"},"content":{"rendered":"[vc_row type=\u00a0\u00bbin_container\u00a0\u00bb full_screen_row_position=\u00a0\u00bbmiddle\u00a0\u00bb column_margin=\u00a0\u00bbdefault\u00a0\u00bb column_direction=\u00a0\u00bbdefault\u00a0\u00bb column_direction_tablet=\u00a0\u00bbdefault\u00a0\u00bb column_direction_phone=\u00a0\u00bbdefault\u00a0\u00bb scene_position=\u00a0\u00bbcenter\u00a0\u00bb text_color=\u00a0\u00bbdark\u00a0\u00bb text_align=\u00a0\u00bbleft\u00a0\u00bb row_border_radius=\u00a0\u00bbnone\u00a0\u00bb row_border_radius_applies=\u00a0\u00bbbg\u00a0\u00bb overflow=\u00a0\u00bbvisible\u00a0\u00bb class=\u00a0\u00bbflodega-single-product\u00a0\u00bb overlay_strength=\u00a0\u00bb0.3&Prime; gradient_direction=\u00a0\u00bbleft_to_right\u00a0\u00bb shape_divider_position=\u00a0\u00bbbottom\u00a0\u00bb bg_image_animation=\u00a0\u00bbnone\u00a0\u00bb gradient_type=\u00a0\u00bbdefault\u00a0\u00bb shape_type=\u00a0\u00bb\u00a0\u00bb][vc_column column_padding=\u00a0\u00bbno-extra-padding\u00a0\u00bb column_padding_tablet=\u00a0\u00bbinherit\u00a0\u00bb column_padding_phone=\u00a0\u00bbinherit\u00a0\u00bb column_padding_position=\u00a0\u00bball\u00a0\u00bb column_element_direction_desktop=\u00a0\u00bbdefault\u00a0\u00bb column_element_spacing=\u00a0\u00bbdefault\u00a0\u00bb desktop_text_alignment=\u00a0\u00bbdefault\u00a0\u00bb tablet_text_alignment=\u00a0\u00bbdefault\u00a0\u00bb phone_text_alignment=\u00a0\u00bbdefault\u00a0\u00bb background_color_opacity=\u00a0\u00bb1&Prime; background_hover_color_opacity=\u00a0\u00bb1&Prime; column_backdrop_filter=\u00a0\u00bbnone\u00a0\u00bb column_shadow=\u00a0\u00bbnone\u00a0\u00bb column_border_radius=\u00a0\u00bbnone\u00a0\u00bb column_link_target=\u00a0\u00bb_self\u00a0\u00bb column_position=\u00a0\u00bbdefault\u00a0\u00bb gradient_direction=\u00a0\u00bbleft_to_right\u00a0\u00bb overlay_strength=\u00a0\u00bb0.3&Prime; width=\u00a0\u00bb1\/1&Prime; tablet_width_inherit=\u00a0\u00bbdefault\u00a0\u00bb animation_type=\u00a0\u00bbdefault\u00a0\u00bb bg_image_animation=\u00a0\u00bbnone\u00a0\u00bb border_type=\u00a0\u00bbsimple\u00a0\u00bb column_border_width=\u00a0\u00bbnone\u00a0\u00bb column_border_style=\u00a0\u00bbsolid\u00a0\u00bb][toggles style=\u00a0\u00bbminimal\u00a0\u00bb accordion=\u00a0\u00bbtrue\u00a0\u00bb accordion_starting_functionality=\u00a0\u00bbclosed\u00a0\u00bb][toggle color=\u00a0\u00bbDefault\u00a0\u00bb heading_tag=\u00a0\u00bbdefault\u00a0\u00bb heading_tag_functionality=\u00a0\u00bbdefault\u00a0\u00bb title=\u00a0\u00bbDescription\u00a0\u00bb][vc_column_text css=\u00a0\u00bb\u00a0\u00bb text_direction=\u00a0\u00bbdefault\u00a0\u00bb]Changeons de registre avec cet hybride \u00e0 dominance sativa qui est un croisement entre le Gelonade et le Biscotti. Il s&rsquo;agit de quelque chose de beaucoup plus revigorant et \u00e9nergique que la plupart des hybrides sur le march\u00e9. Il n&rsquo;assommera pas votre journ\u00e9e, mais plut\u00f4t vous aidera dans l&rsquo;accomplissement de vos t\u00e2ches. Avec un taux \u00e9lev\u00e9 de cannabino\u00efdes ainsi que des effets qui chatouillent autant l&rsquo;esprit que l&rsquo;\u00e2me. Pour les experts, son nez r\u00e9v\u00e9lera une grande partie de ce \u00e0 quoi vous pourriez vous attendre. Il a un profil relev\u00e9, citronn\u00e9, floral qui laisse pr\u00e9sager fortement la luminosit\u00e9 de ses effets. Un peu comme la version cannabis d&rsquo;un double espresso. \u00c7a vous frappe fort et vous r\u00e9veille, vous motive \u00e0 accomplir des choses et \u00e0 \u00eatre cr\u00e9atif. Nous la consid\u00e9rons comme une g\u00e9n\u00e9tique de jour, mais si vous avez besoin d&rsquo;un coup de pouce d&rsquo;\u00e9nergie apr\u00e8s une longue journ\u00e9e de travail acharn\u00e9, ou d&rsquo;une pouss\u00e9e cr\u00e9ative pour vos projets, Lemonatti est l\u00e0 pour vous aider \u00e0 atteindre cela de mani\u00e8re savoureuse.[\/vc_column_text][\/toggle][toggle color=\u00a0\u00bbDefault\u00a0\u00bb heading_tag=\u00a0\u00bbdefault\u00a0\u00bb heading_tag_functionality=\u00a0\u00bbdefault\u00a0\u00bb title=\u00a0\u00bbSp\u00e9cifications\u00a0\u00bb][vc_column_text css=\u00a0\u00bb\u00a0\u00bb text_direction=\u00a0\u00bbdefault\u00a0\u00bb]Hybride de dominance sativa<\/p>\n<p>THC %: 23-29<br \/>\nTerp\u00e8nes %: 2-3<\/p>\n<p>Date d\u2019emballage: 19 Mars 2026[\/vc_column_text][\/toggle][toggle color=\u00a0\u00bbDefault\u00a0\u00bb heading_tag=\u00a0\u00bbdefault\u00a0\u00bb heading_tag_functionality=\u00a0\u00bbdefault\u00a0\u00bb title=\u00a0\u00bbSaveurs, ar\u00f4mes &amp; sensations\u00a0\u00bb][vc_column_text css=\u00a0\u00bb\u00a0\u00bb text_direction=\u00a0\u00bbdefault\u00a0\u00bb]Saveurs: Citron, gaz diesel, p\u00e2te \u00e0 biscuit, menthe.<\/p>\n<p>Ar\u00f4mes: Floral, agrumes sucr\u00e9s, exotisme.<\/p>\n<p>Sensations: Rehauss\u00e9, dynamis\u00e9, curieux et motiv\u00e9.[\/vc_column_text][\/toggle][\/toggles][\/vc_column][\/vc_row]\n","protected":false},"excerpt":{"rendered":"<p>Changeons de registre avec cet hybride \u00e0 dominance sativa qui est un croisement entre le Gelonade et le Biscotti. Il s&rsquo;agit de quelque chose de beaucoup plus revigorant et \u00e9nergique que la plupart des hybrides sur le march\u00e9. Il n&rsquo;assommera pas votre journ\u00e9e, mais plut\u00f4t vous aidera dans l&rsquo;accomplissement de vos t\u00e2ches. Avec un taux \u00e9lev\u00e9 de cannabino\u00efdes ainsi que des effets qui chatouillent autant l&rsquo;esprit que l&rsquo;\u00e2me. Pour les experts, son nez r\u00e9v\u00e9lera une grande partie de ce \u00e0 quoi vous pourriez vous attendre. Il a un profil relev\u00e9, citronn\u00e9, floral qui laisse pr\u00e9sager fortement la luminosit\u00e9 de ses effets. Un peu comme la version cannabis d&rsquo;un double espresso. \u00c7a vous frappe fort et vous r\u00e9veille, vous motive \u00e0 accomplir des choses et \u00e0 \u00eatre cr\u00e9atif. Nous la consid\u00e9rons comme une g\u00e9n\u00e9tique de jour, mais si vous avez besoin d&rsquo;un coup de pouce d&rsquo;\u00e9nergie apr\u00e8s une longue journ\u00e9e de travail acharn\u00e9, ou d&rsquo;une pouss\u00e9e cr\u00e9ative pour vos projets, Lemonatti est l\u00e0 pour vous aider \u00e0 atteindre cela de mani\u00e8re savoureuse.<\/p>\n","protected":false},"featured_media":1113,"comment_status":"closed","ping_status":"closed","template":"","meta":{"_acf_changed":false},"product_brand":[108],"product_cat":[165],"product_tag":[179,180,227,181],"class_list":{"0":"post-1419","1":"product","2":"type-product","3":"status-publish","4":"has-post-thumbnail","6":"product_brand-lot-420","7":"product_cat-fleurs","8":"product_tag-dried-flower-fr","9":"product_tag-flower-fr","10":"product_tag-lemonatti-fr","11":"product_tag-lot420-fr","12":"pa_weight-in-grams-14g-fr","13":"pa_weight-in-grams-28g-fr","14":"pa_weight-in-grams-3g-fr","15":"pa_weight-in-grams-6g-fr","17":"first","18":"instock","19":"taxable","20":"shipping-taxable","21":"purchasable","22":"product-type-variable"},"acf":[],"yoast_head":"<!-- This site is optimized with the Yoast SEO plugin v26.9 - https:\/\/yoast.com\/product\/yoast-seo-wordpress\/ -->\n<title>Lemonatti | Flodega<\/title>\n<meta name=\"robots\" content=\"index, follow, max-snippet:-1, max-image-preview:large, max-video-preview:-1\" \/>\n<link rel=\"canonical\" href=\"https:\/\/flodega.com\/fr\/produit\/lemonatti\/\" \/>\n<meta property=\"og:locale\" content=\"fr_CA\" \/>\n<meta property=\"og:type\" content=\"article\" \/>\n<meta property=\"og:title\" content=\"Lemonatti | Flodega\" \/>\n<meta property=\"og:description\" content=\"Changeons de registre avec cet hybride \u00e0 dominance sativa qui est un croisement entre le Gelonade et le Biscotti. Il s&#039;agit de quelque chose de beaucoup plus revigorant et \u00e9nergique que la plupart des hybrides sur le march\u00e9. Il n&#039;assommera pas votre journ\u00e9e, mais plut\u00f4t vous aidera dans l&#039;accomplissement de vos t\u00e2ches. Avec un taux \u00e9lev\u00e9 de cannabino\u00efdes ainsi que des effets qui chatouillent autant l&#039;esprit que l&#039;\u00e2me. Pour les experts, son nez r\u00e9v\u00e9lera une grande partie de ce \u00e0 quoi vous pourriez vous attendre. Il a un profil relev\u00e9, citronn\u00e9, floral qui laisse pr\u00e9sager fortement la luminosit\u00e9 de ses effets. Un peu comme la version cannabis d&#039;un double espresso. \u00c7a vous frappe fort et vous r\u00e9veille, vous motive \u00e0 accomplir des choses et \u00e0 \u00eatre cr\u00e9atif. Nous la consid\u00e9rons comme une g\u00e9n\u00e9tique de jour, mais si vous avez besoin d&#039;un coup de pouce d&#039;\u00e9nergie apr\u00e8s une longue journ\u00e9e de travail acharn\u00e9, ou d&#039;une pouss\u00e9e cr\u00e9ative pour vos projets, Lemonatti est l\u00e0 pour vous aider \u00e0 atteindre cela de mani\u00e8re savoureuse.\" \/>\n<meta property=\"og:url\" content=\"https:\/\/flodega.com\/fr\/produit\/lemonatti\/\" \/>\n<meta property=\"og:site_name\" content=\"Flodega\" \/>\n<meta property=\"article:publisher\" content=\"https:\/\/www.facebook.com\/profile.php?id=100089142892690\" \/>\n<meta property=\"article:modified_time\" content=\"2026-04-29T15:04:22+00:00\" \/>\n<meta property=\"og:image\" content=\"https:\/\/flodega.com\/wp-content\/uploads\/2025\/02\/LEM_LR_1x1-1.jpg\" \/>\n\t<meta property=\"og:image:width\" content=\"2000\" \/>\n\t<meta property=\"og:image:height\" content=\"2000\" \/>\n\t<meta property=\"og:image:type\" content=\"image\/jpeg\" \/>\n<meta name=\"twitter:card\" content=\"summary_large_image\" \/>\n<meta name=\"twitter:label1\" content=\"Estimation du temps de lecture\" \/>\n\t<meta name=\"twitter:data1\" content=\"2 minutes\" \/>\n<script type=\"application\/ld+json\" class=\"yoast-schema-graph\">{\"@context\":\"https:\/\/schema.org\",\"@graph\":[{\"@type\":\"WebPage\",\"@id\":\"https:\/\/flodega.com\/fr\/produit\/lemonatti\/\",\"url\":\"https:\/\/flodega.com\/fr\/produit\/lemonatti\/\",\"name\":\"Lemonatti | Flodega\",\"isPartOf\":{\"@id\":\"https:\/\/flodega.com\/#website\"},\"primaryImageOfPage\":{\"@id\":\"https:\/\/flodega.com\/fr\/produit\/lemonatti\/#primaryimage\"},\"image\":{\"@id\":\"https:\/\/flodega.com\/fr\/produit\/lemonatti\/#primaryimage\"},\"thumbnailUrl\":\"https:\/\/flodega.com\/wp-content\/uploads\/2025\/02\/LEM_LR_1x1-1.jpg\",\"datePublished\":\"2024-07-15T16:00:04+00:00\",\"dateModified\":\"2026-04-29T15:04:22+00:00\",\"breadcrumb\":{\"@id\":\"https:\/\/flodega.com\/fr\/produit\/lemonatti\/#breadcrumb\"},\"inLanguage\":\"fr-CA\",\"potentialAction\":[{\"@type\":\"ReadAction\",\"target\":[\"https:\/\/flodega.com\/fr\/produit\/lemonatti\/\"]}]},{\"@type\":\"ImageObject\",\"inLanguage\":\"fr-CA\",\"@id\":\"https:\/\/flodega.com\/fr\/produit\/lemonatti\/#primaryimage\",\"url\":\"https:\/\/flodega.com\/wp-content\/uploads\/2025\/02\/LEM_LR_1x1-1.jpg\",\"contentUrl\":\"https:\/\/flodega.com\/wp-content\/uploads\/2025\/02\/LEM_LR_1x1-1.jpg\",\"width\":2000,\"height\":2000},{\"@type\":\"BreadcrumbList\",\"@id\":\"https:\/\/flodega.com\/fr\/produit\/lemonatti\/#breadcrumb\",\"itemListElement\":[{\"@type\":\"ListItem\",\"position\":1,\"name\":\"Accueil\",\"item\":\"https:\/\/flodega.com\/fr\/\"},{\"@type\":\"ListItem\",\"position\":2,\"name\":\"La shop\",\"item\":\"https:\/\/flodega.com\/fr\/boutique\/\"},{\"@type\":\"ListItem\",\"position\":3,\"name\":\"Lemonatti\"}]},{\"@type\":\"WebSite\",\"@id\":\"https:\/\/flodega.com\/#website\",\"url\":\"https:\/\/flodega.com\/\",\"name\":\"Flodega | AAAA\",\"description\":\"AAAA Flowers\",\"publisher\":{\"@id\":\"https:\/\/flodega.com\/#organization\"},\"potentialAction\":[{\"@type\":\"SearchAction\",\"target\":{\"@type\":\"EntryPoint\",\"urlTemplate\":\"https:\/\/flodega.com\/?s={search_term_string}\"},\"query-input\":{\"@type\":\"PropertyValueSpecification\",\"valueRequired\":true,\"valueName\":\"search_term_string\"}}],\"inLanguage\":\"fr-CA\"},{\"@type\":\"Organization\",\"@id\":\"https:\/\/flodega.com\/#organization\",\"name\":\"Flodega\",\"url\":\"https:\/\/flodega.com\/\",\"logo\":{\"@type\":\"ImageObject\",\"inLanguage\":\"fr-CA\",\"@id\":\"https:\/\/flodega.com\/#\/schema\/logo\/image\/\",\"url\":\"https:\/\/flodega.com\/wp-content\/uploads\/2025\/05\/Banner-Flodega.png\",\"contentUrl\":\"https:\/\/flodega.com\/wp-content\/uploads\/2025\/05\/Banner-Flodega.png\",\"width\":5562,\"height\":1710,\"caption\":\"Flodega\"},\"image\":{\"@id\":\"https:\/\/flodega.com\/#\/schema\/logo\/image\/\"},\"sameAs\":[\"https:\/\/www.facebook.com\/profile.php?id=100089142892690\",\"https:\/\/www.instagram.com\/flodegaaaa\/\"]}]}<\/script>\n<!-- \/ Yoast SEO plugin. -->","yoast_head_json":{"title":"Lemonatti | Flodega","robots":{"index":"index","follow":"follow","max-snippet":"max-snippet:-1","max-image-preview":"max-image-preview:large","max-video-preview":"max-video-preview:-1"},"canonical":"https:\/\/flodega.com\/fr\/produit\/lemonatti\/","og_locale":"fr_CA","og_type":"article","og_title":"Lemonatti | Flodega","og_description":"Changeons de registre avec cet hybride \u00e0 dominance sativa qui est un croisement entre le Gelonade et le Biscotti. Il s'agit de quelque chose de beaucoup plus revigorant et \u00e9nergique que la plupart des hybrides sur le march\u00e9. Il n'assommera pas votre journ\u00e9e, mais plut\u00f4t vous aidera dans l'accomplissement de vos t\u00e2ches. Avec un taux \u00e9lev\u00e9 de cannabino\u00efdes ainsi que des effets qui chatouillent autant l'esprit que l'\u00e2me. Pour les experts, son nez r\u00e9v\u00e9lera une grande partie de ce \u00e0 quoi vous pourriez vous attendre. Il a un profil relev\u00e9, citronn\u00e9, floral qui laisse pr\u00e9sager fortement la luminosit\u00e9 de ses effets. Un peu comme la version cannabis d'un double espresso. \u00c7a vous frappe fort et vous r\u00e9veille, vous motive \u00e0 accomplir des choses et \u00e0 \u00eatre cr\u00e9atif. Nous la consid\u00e9rons comme une g\u00e9n\u00e9tique de jour, mais si vous avez besoin d'un coup de pouce d'\u00e9nergie apr\u00e8s une longue journ\u00e9e de travail acharn\u00e9, ou d'une pouss\u00e9e cr\u00e9ative pour vos projets, Lemonatti est l\u00e0 pour vous aider \u00e0 atteindre cela de mani\u00e8re savoureuse.","og_url":"https:\/\/flodega.com\/fr\/produit\/lemonatti\/","og_site_name":"Flodega","article_publisher":"https:\/\/www.facebook.com\/profile.php?id=100089142892690","article_modified_time":"2026-04-29T15:04:22+00:00","og_image":[{"width":2000,"height":2000,"url":"https:\/\/flodega.com\/wp-content\/uploads\/2025\/02\/LEM_LR_1x1-1.jpg","type":"image\/jpeg"}],"twitter_card":"summary_large_image","twitter_misc":{"Estimation du temps de lecture":"2 minutes"},"schema":{"@context":"https:\/\/schema.org","@graph":[{"@type":"WebPage","@id":"https:\/\/flodega.com\/fr\/produit\/lemonatti\/","url":"https:\/\/flodega.com\/fr\/produit\/lemonatti\/","name":"Lemonatti | Flodega","isPartOf":{"@id":"https:\/\/flodega.com\/#website"},"primaryImageOfPage":{"@id":"https:\/\/flodega.com\/fr\/produit\/lemonatti\/#primaryimage"},"image":{"@id":"https:\/\/flodega.com\/fr\/produit\/lemonatti\/#primaryimage"},"thumbnailUrl":"https:\/\/flodega.com\/wp-content\/uploads\/2025\/02\/LEM_LR_1x1-1.jpg","datePublished":"2024-07-15T16:00:04+00:00","dateModified":"2026-04-29T15:04:22+00:00","breadcrumb":{"@id":"https:\/\/flodega.com\/fr\/produit\/lemonatti\/#breadcrumb"},"inLanguage":"fr-CA","potentialAction":[{"@type":"ReadAction","target":["https:\/\/flodega.com\/fr\/produit\/lemonatti\/"]}]},{"@type":"ImageObject","inLanguage":"fr-CA","@id":"https:\/\/flodega.com\/fr\/produit\/lemonatti\/#primaryimage","url":"https:\/\/flodega.com\/wp-content\/uploads\/2025\/02\/LEM_LR_1x1-1.jpg","contentUrl":"https:\/\/flodega.com\/wp-content\/uploads\/2025\/02\/LEM_LR_1x1-1.jpg","width":2000,"height":2000},{"@type":"BreadcrumbList","@id":"https:\/\/flodega.com\/fr\/produit\/lemonatti\/#breadcrumb","itemListElement":[{"@type":"ListItem","position":1,"name":"Accueil","item":"https:\/\/flodega.com\/fr\/"},{"@type":"ListItem","position":2,"name":"La shop","item":"https:\/\/flodega.com\/fr\/boutique\/"},{"@type":"ListItem","position":3,"name":"Lemonatti"}]},{"@type":"WebSite","@id":"https:\/\/flodega.com\/#website","url":"https:\/\/flodega.com\/","name":"Flodega | AAAA","description":"AAAA Flowers","publisher":{"@id":"https:\/\/flodega.com\/#organization"},"potentialAction":[{"@type":"SearchAction","target":{"@type":"EntryPoint","urlTemplate":"https:\/\/flodega.com\/?s={search_term_string}"},"query-input":{"@type":"PropertyValueSpecification","valueRequired":true,"valueName":"search_term_string"}}],"inLanguage":"fr-CA"},{"@type":"Organization","@id":"https:\/\/flodega.com\/#organization","name":"Flodega","url":"https:\/\/flodega.com\/","logo":{"@type":"ImageObject","inLanguage":"fr-CA","@id":"https:\/\/flodega.com\/#\/schema\/logo\/image\/","url":"https:\/\/flodega.com\/wp-content\/uploads\/2025\/05\/Banner-Flodega.png","contentUrl":"https:\/\/flodega.com\/wp-content\/uploads\/2025\/05\/Banner-Flodega.png","width":5562,"height":1710,"caption":"Flodega"},"image":{"@id":"https:\/\/flodega.com\/#\/schema\/logo\/image\/"},"sameAs":["https:\/\/www.facebook.com\/profile.php?id=100089142892690","https:\/\/www.instagram.com\/flodegaaaa\/"]}]}},"_links":{"self":[{"href":"https:\/\/flodega.com\/fr\/wp-json\/wp\/v2\/product\/1419","targetHints":{"allow":["GET"]}}],"collection":[{"href":"https:\/\/flodega.com\/fr\/wp-json\/wp\/v2\/product"}],"about":[{"href":"https:\/\/flodega.com\/fr\/wp-json\/wp\/v2\/types\/product"}],"replies":[{"embeddable":true,"href":"https:\/\/flodega.com\/fr\/wp-json\/wp\/v2\/comments?post=1419"}],"wp:featuredmedia":[{"embeddable":true,"href":"https:\/\/flodega.com\/fr\/wp-json\/wp\/v2\/media\/1113"}],"wp:attachment":[{"href":"https:\/\/flodega.com\/fr\/wp-json\/wp\/v2\/media?parent=1419"}],"wp:term":[{"taxonomy":"product_brand","embeddable":true,"href":"https:\/\/flodega.com\/fr\/wp-json\/wp\/v2\/product_brand?post=1419"},{"taxonomy":"product_cat","embeddable":true,"href":"https:\/\/flodega.com\/fr\/wp-json\/wp\/v2\/product_cat?post=1419"},{"taxonomy":"product_tag","embeddable":true,"href":"https:\/\/flodega.com\/fr\/wp-json\/wp\/v2\/product_tag?post=1419"}],"curies":[{"name":"wp","href":"https:\/\/api.w.org\/{rel}","templated":true}]}}