{"id":11701,"date":"2026-04-17T14:49:57","date_gmt":"2026-04-17T18:49:57","guid":{"rendered":"https:\/\/flodega.com\/?post_type=product&#038;p=11701"},"modified":"2026-04-18T00:27:46","modified_gmt":"2026-04-18T04:27:46","slug":"frosted-fruitcake","status":"publish","type":"product","link":"https:\/\/flodega.com\/fr\/produit\/frosted-fruitcake\/","title":{"rendered":"Frosted Fruitcake"},"content":{"rendered":"[vc_row type=\u00a0\u00bbin_container\u00a0\u00bb full_screen_row_position=\u00a0\u00bbmiddle\u00a0\u00bb column_margin=\u00a0\u00bbdefault\u00a0\u00bb column_direction=\u00a0\u00bbdefault\u00a0\u00bb column_direction_tablet=\u00a0\u00bbdefault\u00a0\u00bb column_direction_phone=\u00a0\u00bbdefault\u00a0\u00bb scene_position=\u00a0\u00bbcenter\u00a0\u00bb text_color=\u00a0\u00bbdark\u00a0\u00bb text_align=\u00a0\u00bbleft\u00a0\u00bb row_border_radius=\u00a0\u00bbnone\u00a0\u00bb row_border_radius_applies=\u00a0\u00bbbg\u00a0\u00bb overflow=\u00a0\u00bbvisible\u00a0\u00bb class=\u00a0\u00bbflodega-single-product\u00a0\u00bb overlay_strength=\u00a0\u00bb0.3&Prime; gradient_direction=\u00a0\u00bbleft_to_right\u00a0\u00bb shape_divider_position=\u00a0\u00bbbottom\u00a0\u00bb bg_image_animation=\u00a0\u00bbnone\u00a0\u00bb gradient_type=\u00a0\u00bbdefault\u00a0\u00bb shape_type=\u00a0\u00bb\u00a0\u00bb][vc_column column_padding=\u00a0\u00bbno-extra-padding\u00a0\u00bb column_padding_tablet=\u00a0\u00bbinherit\u00a0\u00bb column_padding_phone=\u00a0\u00bbinherit\u00a0\u00bb column_padding_position=\u00a0\u00bball\u00a0\u00bb column_element_direction_desktop=\u00a0\u00bbdefault\u00a0\u00bb column_element_spacing=\u00a0\u00bbdefault\u00a0\u00bb desktop_text_alignment=\u00a0\u00bbdefault\u00a0\u00bb tablet_text_alignment=\u00a0\u00bbdefault\u00a0\u00bb phone_text_alignment=\u00a0\u00bbdefault\u00a0\u00bb background_color_opacity=\u00a0\u00bb1&Prime; background_hover_color_opacity=\u00a0\u00bb1&Prime; column_backdrop_filter=\u00a0\u00bbnone\u00a0\u00bb column_shadow=\u00a0\u00bbnone\u00a0\u00bb column_border_radius=\u00a0\u00bbnone\u00a0\u00bb column_link_target=\u00a0\u00bb_self\u00a0\u00bb column_position=\u00a0\u00bbdefault\u00a0\u00bb gradient_direction=\u00a0\u00bbleft_to_right\u00a0\u00bb overlay_strength=\u00a0\u00bb0.3&Prime; width=\u00a0\u00bb1\/1&Prime; tablet_width_inherit=\u00a0\u00bbdefault\u00a0\u00bb animation_type=\u00a0\u00bbdefault\u00a0\u00bb bg_image_animation=\u00a0\u00bbnone\u00a0\u00bb border_type=\u00a0\u00bbsimple\u00a0\u00bb column_border_width=\u00a0\u00bbnone\u00a0\u00bb column_border_style=\u00a0\u00bbsolid\u00a0\u00bb][toggles style=\u00a0\u00bbminimal\u00a0\u00bb accordion=\u00a0\u00bbtrue\u00a0\u00bb accordion_starting_functionality=\u00a0\u00bbclosed\u00a0\u00bb][toggle color=\u00a0\u00bbDefault\u00a0\u00bb heading_tag=\u00a0\u00bbdefault\u00a0\u00bb heading_tag_functionality=\u00a0\u00bbdefault\u00a0\u00bb title=\u00a0\u00bbDescription\u00a0\u00bb][vc_column_text css=\u00a0\u00bb\u00a0\u00bb text_direction=\u00a0\u00bbdefault\u00a0\u00bb]Quand t&rsquo;ouvres un sac de Frosted Fruitcake alias FFC, \u00e7a te saute au nez direct. Des petits fruits sucr\u00e9s et acidul\u00e9s, des agrumes m\u00fbrs et du gla\u00e7age vanille, suivi d&rsquo;une chaleur brioch\u00e9e et r\u00e9confortante qui prouve que le nom c&rsquo;est pas juste du beau parler. Un fond herbac\u00e9 et terreux avec une touche de gaz vient finaliser le tout, un m\u00e9lange de couches fra\u00eeches, sucr\u00e9es et denses qui se tient vraiment bien ensemble. La fum\u00e9e est douce et g\u00e9n\u00e9reuse du d\u00e9but \u00e0 la fin. Sucr\u00e9e et fruit\u00e9e en entrant, puis cr\u00e9meuse, \u00e9pic\u00e9e et gazeuse en sortant, \u00e7a reste coll\u00e9 en bouche longtemps apr\u00e8s que le joint soit pos\u00e9. Cette fleur a cette texture beurr\u00e9e et grasse que les connaisseurs cherchent, celle qui dit que les fleurs sont bien s\u00e9ch\u00e9es, riches en huile et que \u00e7a va go\u00fbter fort et frapper solide. Laisse pas le c\u00f4t\u00e9 gourmand te tromper, celle-l\u00e0 prend son temps avant de rentrer dedans. L&rsquo;euphorie monte doucement, puis le corps s&rsquo;\u00e9crase dans une chaleur lourde et profonde qui part pas de sit\u00f4t. Parfait pour qui veut de bonnes terp\u00e8nes et une vraie soir\u00e9e \u00e0 rien faire. Puissante, savoureuse et faite pour durer. Un classique canadien![\/vc_column_text][\/toggle][toggle color=\u00a0\u00bbDefault\u00a0\u00bb heading_tag=\u00a0\u00bbdefault\u00a0\u00bb heading_tag_functionality=\u00a0\u00bbdefault\u00a0\u00bb title=\u00a0\u00bbSp\u00e9cifications\u00a0\u00bb][vc_column_text css=\u00a0\u00bb\u00a0\u00bb text_direction=\u00a0\u00bbdefault\u00a0\u00bb]60\/40 Hybride de dominance indica<br \/>\nTHC % : 24-28<br \/>\nTerp\u00e8nes % : 3-4<br \/>\nDate d&#8217;emballage: 2 Avril 2026[\/vc_column_text][\/toggle][toggle color=\u00a0\u00bbDefault\u00a0\u00bb heading_tag=\u00a0\u00bbdefault\u00a0\u00bb heading_tag_functionality=\u00a0\u00bbdefault\u00a0\u00bb title=\u00a0\u00bbSaveurs, ar\u00f4mes &amp; sensations\u00a0\u00bb][vc_column_text css=\u00a0\u00bb\u00a0\u00bb text_direction=\u00a0\u00bbdefault\u00a0\u00bb]G\u00e2teau aux fruits sucr\u00e9s, vanille, herbac\u00e9, agrumes et une touche de gaz.<br \/>\nPuissant, chaleureux, relaxant.[\/vc_column_text][\/toggle][\/toggles][\/vc_column][\/vc_row]\n","protected":false},"excerpt":{"rendered":"<p>[vc_row type=\u00a0\u00bbin_container\u00a0\u00bb full_screen_row_position=\u00a0\u00bbmiddle\u00a0\u00bb column_margin=\u00a0\u00bbdefault\u00a0\u00bb column_direction=\u00a0\u00bbdefault\u00a0\u00bb column_direction_tablet=\u00a0\u00bbdefault\u00a0\u00bb column_direction_phone=\u00a0\u00bbdefault\u00a0\u00bb scene_position=\u00a0\u00bbcenter\u00a0\u00bb text_color=\u00a0\u00bbdark\u00a0\u00bb text_align=\u00a0\u00bbleft\u00a0\u00bb row_border_radius=\u00a0\u00bbnone\u00a0\u00bb row_border_radius_applies=\u00a0\u00bbbg\u00a0\u00bb overflow=\u00a0\u00bbvisible\u00a0\u00bb class=\u00a0\u00bbflodega-single-product\u00a0\u00bb overlay_strength=\u00a0\u00bb0.3&Prime; gradient_direction=\u00a0\u00bbleft_to_right\u00a0\u00bb shape_divider_position=\u00a0\u00bbbottom\u00a0\u00bb bg_image_animation=\u00a0\u00bbnone\u00a0\u00bb gradient_type=\u00a0\u00bbdefault\u00a0\u00bb shape_type=\u00a0\u00bb\u00a0\u00bb][vc_column column_padding=\u00a0\u00bbno-extra-padding\u00a0\u00bb column_padding_tablet=\u00a0\u00bbinherit\u00a0\u00bb column_padding_phone=\u00a0\u00bbinherit\u00a0\u00bb column_padding_position=\u00a0\u00bball\u00a0\u00bb column_element_direction_desktop=\u00a0\u00bbdefault\u00a0\u00bb column_element_spacing=\u00a0\u00bbdefault\u00a0\u00bb desktop_text_alignment=\u00a0\u00bbdefault\u00a0\u00bb tablet_text_alignment=\u00a0\u00bbdefault\u00a0\u00bb phone_text_alignment=\u00a0\u00bbdefault\u00a0\u00bb background_color_opacity=\u00a0\u00bb1&Prime;&#8230;<\/p>\n","protected":false},"featured_media":11688,"comment_status":"closed","ping_status":"closed","template":"","meta":{"_acf_changed":false},"product_brand":[108],"product_cat":[165],"product_tag":[229,431,179,211,180,376,789,790,648,791,274,650,413,433,181,285,484,485,286],"class_list":{"0":"post-11701","1":"product","2":"type-product","3":"status-publish","4":"has-post-thumbnail","6":"product_brand-lot-420","7":"product_cat-fleurs","8":"product_tag-aaaa-fr","9":"product_tag-cake-fr","10":"product_tag-dried-flower-fr","11":"product_tag-flodega-fr","12":"product_tag-flower-fr","13":"product_tag-flowers-fr","14":"product_tag-frost","15":"product_tag-frosted","16":"product_tag-fruit-fr","17":"product_tag-fruitcake","18":"product_tag-gas-fr","19":"product_tag-gaz-fr","20":"product_tag-hybrid-fr","21":"product_tag-hybride-fr","22":"product_tag-lot420-fr","23":"product_tag-terpenes-fr","24":"product_tag-terps-fr","25":"product_tag-terpy-fr","26":"product_tag-thc-fr","27":"pa_weight-in-grams-14g-fr","28":"pa_weight-in-grams-28g-fr","29":"pa_weight-in-grams-3g-fr","30":"pa_weight-in-grams-6g-fr","32":"first","33":"instock","34":"taxable","35":"shipping-taxable","36":"purchasable","37":"product-type-variable"},"acf":[],"yoast_head":"<!-- This site is optimized with the Yoast SEO plugin v26.9 - https:\/\/yoast.com\/product\/yoast-seo-wordpress\/ -->\n<title>Frosted Fruitcake | Flodega<\/title>\n<meta name=\"robots\" content=\"index, follow, max-snippet:-1, max-image-preview:large, max-video-preview:-1\" \/>\n<link rel=\"canonical\" href=\"https:\/\/flodega.com\/fr\/produit\/frosted-fruitcake\/\" \/>\n<meta property=\"og:locale\" content=\"fr_CA\" \/>\n<meta property=\"og:type\" content=\"article\" \/>\n<meta property=\"og:title\" content=\"Frosted Fruitcake | Flodega\" \/>\n<meta property=\"og:description\" content=\"[vc_row type=\u00a0\u00bbin_container\u00a0\u00bb full_screen_row_position=\u00a0\u00bbmiddle\u00a0\u00bb column_margin=\u00a0\u00bbdefault\u00a0\u00bb column_direction=\u00a0\u00bbdefault\u00a0\u00bb column_direction_tablet=\u00a0\u00bbdefault\u00a0\u00bb column_direction_phone=\u00a0\u00bbdefault\u00a0\u00bb scene_position=\u00a0\u00bbcenter\u00a0\u00bb text_color=\u00a0\u00bbdark\u00a0\u00bb text_align=\u00a0\u00bbleft\u00a0\u00bb row_border_radius=\u00a0\u00bbnone\u00a0\u00bb row_border_radius_applies=\u00a0\u00bbbg\u00a0\u00bb overflow=\u00a0\u00bbvisible\u00a0\u00bb class=\u00a0\u00bbflodega-single-product\u00a0\u00bb overlay_strength=\u00a0\u00bb0.3&Prime; gradient_direction=\u00a0\u00bbleft_to_right\u00a0\u00bb shape_divider_position=\u00a0\u00bbbottom\u00a0\u00bb bg_image_animation=\u00a0\u00bbnone\u00a0\u00bb gradient_type=\u00a0\u00bbdefault\u00a0\u00bb shape_type=\u00a0\u00bb\u00a0\u00bb][vc_column column_padding=\u00a0\u00bbno-extra-padding\u00a0\u00bb column_padding_tablet=\u00a0\u00bbinherit\u00a0\u00bb column_padding_phone=\u00a0\u00bbinherit\u00a0\u00bb column_padding_position=\u00a0\u00bball\u00a0\u00bb column_element_direction_desktop=\u00a0\u00bbdefault\u00a0\u00bb column_element_spacing=\u00a0\u00bbdefault\u00a0\u00bb desktop_text_alignment=\u00a0\u00bbdefault\u00a0\u00bb tablet_text_alignment=\u00a0\u00bbdefault\u00a0\u00bb phone_text_alignment=\u00a0\u00bbdefault\u00a0\u00bb background_color_opacity=\u00a0\u00bb1&Prime;...\" \/>\n<meta property=\"og:url\" content=\"https:\/\/flodega.com\/fr\/produit\/frosted-fruitcake\/\" \/>\n<meta property=\"og:site_name\" content=\"Flodega\" \/>\n<meta property=\"article:publisher\" content=\"https:\/\/www.facebook.com\/profile.php?id=100089142892690\" \/>\n<meta property=\"article:modified_time\" content=\"2026-04-18T04:27:46+00:00\" \/>\n<meta property=\"og:image\" content=\"https:\/\/flodega.com\/wp-content\/uploads\/2026\/04\/ffc1.jpg\" \/>\n\t<meta property=\"og:image:width\" content=\"2000\" \/>\n\t<meta property=\"og:image:height\" content=\"2000\" \/>\n\t<meta property=\"og:image:type\" content=\"image\/jpeg\" \/>\n<meta name=\"twitter:card\" content=\"summary_large_image\" \/>\n<meta name=\"twitter:label1\" content=\"Estimation du temps de lecture\" \/>\n\t<meta name=\"twitter:data1\" content=\"2 minutes\" \/>\n<script type=\"application\/ld+json\" class=\"yoast-schema-graph\">{\"@context\":\"https:\/\/schema.org\",\"@graph\":[{\"@type\":\"WebPage\",\"@id\":\"https:\/\/flodega.com\/fr\/produit\/frosted-fruitcake\/\",\"url\":\"https:\/\/flodega.com\/fr\/produit\/frosted-fruitcake\/\",\"name\":\"Frosted Fruitcake | Flodega\",\"isPartOf\":{\"@id\":\"https:\/\/flodega.com\/#website\"},\"primaryImageOfPage\":{\"@id\":\"https:\/\/flodega.com\/fr\/produit\/frosted-fruitcake\/#primaryimage\"},\"image\":{\"@id\":\"https:\/\/flodega.com\/fr\/produit\/frosted-fruitcake\/#primaryimage\"},\"thumbnailUrl\":\"https:\/\/flodega.com\/wp-content\/uploads\/2026\/04\/ffc1.jpg\",\"datePublished\":\"2026-04-17T18:49:57+00:00\",\"dateModified\":\"2026-04-18T04:27:46+00:00\",\"breadcrumb\":{\"@id\":\"https:\/\/flodega.com\/fr\/produit\/frosted-fruitcake\/#breadcrumb\"},\"inLanguage\":\"fr-CA\",\"potentialAction\":[{\"@type\":\"ReadAction\",\"target\":[\"https:\/\/flodega.com\/fr\/produit\/frosted-fruitcake\/\"]}]},{\"@type\":\"ImageObject\",\"inLanguage\":\"fr-CA\",\"@id\":\"https:\/\/flodega.com\/fr\/produit\/frosted-fruitcake\/#primaryimage\",\"url\":\"https:\/\/flodega.com\/wp-content\/uploads\/2026\/04\/ffc1.jpg\",\"contentUrl\":\"https:\/\/flodega.com\/wp-content\/uploads\/2026\/04\/ffc1.jpg\",\"width\":2000,\"height\":2000},{\"@type\":\"BreadcrumbList\",\"@id\":\"https:\/\/flodega.com\/fr\/produit\/frosted-fruitcake\/#breadcrumb\",\"itemListElement\":[{\"@type\":\"ListItem\",\"position\":1,\"name\":\"Accueil\",\"item\":\"https:\/\/flodega.com\/fr\/\"},{\"@type\":\"ListItem\",\"position\":2,\"name\":\"La shop\",\"item\":\"https:\/\/flodega.com\/fr\/boutique\/\"},{\"@type\":\"ListItem\",\"position\":3,\"name\":\"Frosted Fruitcake\"}]},{\"@type\":\"WebSite\",\"@id\":\"https:\/\/flodega.com\/#website\",\"url\":\"https:\/\/flodega.com\/\",\"name\":\"Flodega | AAAA\",\"description\":\"AAAA Flowers\",\"publisher\":{\"@id\":\"https:\/\/flodega.com\/#organization\"},\"potentialAction\":[{\"@type\":\"SearchAction\",\"target\":{\"@type\":\"EntryPoint\",\"urlTemplate\":\"https:\/\/flodega.com\/?s={search_term_string}\"},\"query-input\":{\"@type\":\"PropertyValueSpecification\",\"valueRequired\":true,\"valueName\":\"search_term_string\"}}],\"inLanguage\":\"fr-CA\"},{\"@type\":\"Organization\",\"@id\":\"https:\/\/flodega.com\/#organization\",\"name\":\"Flodega\",\"url\":\"https:\/\/flodega.com\/\",\"logo\":{\"@type\":\"ImageObject\",\"inLanguage\":\"fr-CA\",\"@id\":\"https:\/\/flodega.com\/#\/schema\/logo\/image\/\",\"url\":\"https:\/\/flodega.com\/wp-content\/uploads\/2025\/05\/Banner-Flodega.png\",\"contentUrl\":\"https:\/\/flodega.com\/wp-content\/uploads\/2025\/05\/Banner-Flodega.png\",\"width\":5562,\"height\":1710,\"caption\":\"Flodega\"},\"image\":{\"@id\":\"https:\/\/flodega.com\/#\/schema\/logo\/image\/\"},\"sameAs\":[\"https:\/\/www.facebook.com\/profile.php?id=100089142892690\",\"https:\/\/www.instagram.com\/flodegaaaa\/\"]}]}<\/script>\n<!-- \/ Yoast SEO plugin. -->","yoast_head_json":{"title":"Frosted Fruitcake | Flodega","robots":{"index":"index","follow":"follow","max-snippet":"max-snippet:-1","max-image-preview":"max-image-preview:large","max-video-preview":"max-video-preview:-1"},"canonical":"https:\/\/flodega.com\/fr\/produit\/frosted-fruitcake\/","og_locale":"fr_CA","og_type":"article","og_title":"Frosted Fruitcake | Flodega","og_description":"[vc_row type=\u00a0\u00bbin_container\u00a0\u00bb full_screen_row_position=\u00a0\u00bbmiddle\u00a0\u00bb column_margin=\u00a0\u00bbdefault\u00a0\u00bb column_direction=\u00a0\u00bbdefault\u00a0\u00bb column_direction_tablet=\u00a0\u00bbdefault\u00a0\u00bb column_direction_phone=\u00a0\u00bbdefault\u00a0\u00bb scene_position=\u00a0\u00bbcenter\u00a0\u00bb text_color=\u00a0\u00bbdark\u00a0\u00bb text_align=\u00a0\u00bbleft\u00a0\u00bb row_border_radius=\u00a0\u00bbnone\u00a0\u00bb row_border_radius_applies=\u00a0\u00bbbg\u00a0\u00bb overflow=\u00a0\u00bbvisible\u00a0\u00bb class=\u00a0\u00bbflodega-single-product\u00a0\u00bb overlay_strength=\u00a0\u00bb0.3&Prime; gradient_direction=\u00a0\u00bbleft_to_right\u00a0\u00bb shape_divider_position=\u00a0\u00bbbottom\u00a0\u00bb bg_image_animation=\u00a0\u00bbnone\u00a0\u00bb gradient_type=\u00a0\u00bbdefault\u00a0\u00bb shape_type=\u00a0\u00bb\u00a0\u00bb][vc_column column_padding=\u00a0\u00bbno-extra-padding\u00a0\u00bb column_padding_tablet=\u00a0\u00bbinherit\u00a0\u00bb column_padding_phone=\u00a0\u00bbinherit\u00a0\u00bb column_padding_position=\u00a0\u00bball\u00a0\u00bb column_element_direction_desktop=\u00a0\u00bbdefault\u00a0\u00bb column_element_spacing=\u00a0\u00bbdefault\u00a0\u00bb desktop_text_alignment=\u00a0\u00bbdefault\u00a0\u00bb tablet_text_alignment=\u00a0\u00bbdefault\u00a0\u00bb phone_text_alignment=\u00a0\u00bbdefault\u00a0\u00bb background_color_opacity=\u00a0\u00bb1&Prime;...","og_url":"https:\/\/flodega.com\/fr\/produit\/frosted-fruitcake\/","og_site_name":"Flodega","article_publisher":"https:\/\/www.facebook.com\/profile.php?id=100089142892690","article_modified_time":"2026-04-18T04:27:46+00:00","og_image":[{"width":2000,"height":2000,"url":"https:\/\/flodega.com\/wp-content\/uploads\/2026\/04\/ffc1.jpg","type":"image\/jpeg"}],"twitter_card":"summary_large_image","twitter_misc":{"Estimation du temps de lecture":"2 minutes"},"schema":{"@context":"https:\/\/schema.org","@graph":[{"@type":"WebPage","@id":"https:\/\/flodega.com\/fr\/produit\/frosted-fruitcake\/","url":"https:\/\/flodega.com\/fr\/produit\/frosted-fruitcake\/","name":"Frosted Fruitcake | Flodega","isPartOf":{"@id":"https:\/\/flodega.com\/#website"},"primaryImageOfPage":{"@id":"https:\/\/flodega.com\/fr\/produit\/frosted-fruitcake\/#primaryimage"},"image":{"@id":"https:\/\/flodega.com\/fr\/produit\/frosted-fruitcake\/#primaryimage"},"thumbnailUrl":"https:\/\/flodega.com\/wp-content\/uploads\/2026\/04\/ffc1.jpg","datePublished":"2026-04-17T18:49:57+00:00","dateModified":"2026-04-18T04:27:46+00:00","breadcrumb":{"@id":"https:\/\/flodega.com\/fr\/produit\/frosted-fruitcake\/#breadcrumb"},"inLanguage":"fr-CA","potentialAction":[{"@type":"ReadAction","target":["https:\/\/flodega.com\/fr\/produit\/frosted-fruitcake\/"]}]},{"@type":"ImageObject","inLanguage":"fr-CA","@id":"https:\/\/flodega.com\/fr\/produit\/frosted-fruitcake\/#primaryimage","url":"https:\/\/flodega.com\/wp-content\/uploads\/2026\/04\/ffc1.jpg","contentUrl":"https:\/\/flodega.com\/wp-content\/uploads\/2026\/04\/ffc1.jpg","width":2000,"height":2000},{"@type":"BreadcrumbList","@id":"https:\/\/flodega.com\/fr\/produit\/frosted-fruitcake\/#breadcrumb","itemListElement":[{"@type":"ListItem","position":1,"name":"Accueil","item":"https:\/\/flodega.com\/fr\/"},{"@type":"ListItem","position":2,"name":"La shop","item":"https:\/\/flodega.com\/fr\/boutique\/"},{"@type":"ListItem","position":3,"name":"Frosted Fruitcake"}]},{"@type":"WebSite","@id":"https:\/\/flodega.com\/#website","url":"https:\/\/flodega.com\/","name":"Flodega | AAAA","description":"AAAA Flowers","publisher":{"@id":"https:\/\/flodega.com\/#organization"},"potentialAction":[{"@type":"SearchAction","target":{"@type":"EntryPoint","urlTemplate":"https:\/\/flodega.com\/?s={search_term_string}"},"query-input":{"@type":"PropertyValueSpecification","valueRequired":true,"valueName":"search_term_string"}}],"inLanguage":"fr-CA"},{"@type":"Organization","@id":"https:\/\/flodega.com\/#organization","name":"Flodega","url":"https:\/\/flodega.com\/","logo":{"@type":"ImageObject","inLanguage":"fr-CA","@id":"https:\/\/flodega.com\/#\/schema\/logo\/image\/","url":"https:\/\/flodega.com\/wp-content\/uploads\/2025\/05\/Banner-Flodega.png","contentUrl":"https:\/\/flodega.com\/wp-content\/uploads\/2025\/05\/Banner-Flodega.png","width":5562,"height":1710,"caption":"Flodega"},"image":{"@id":"https:\/\/flodega.com\/#\/schema\/logo\/image\/"},"sameAs":["https:\/\/www.facebook.com\/profile.php?id=100089142892690","https:\/\/www.instagram.com\/flodegaaaa\/"]}]}},"_links":{"self":[{"href":"https:\/\/flodega.com\/fr\/wp-json\/wp\/v2\/product\/11701","targetHints":{"allow":["GET"]}}],"collection":[{"href":"https:\/\/flodega.com\/fr\/wp-json\/wp\/v2\/product"}],"about":[{"href":"https:\/\/flodega.com\/fr\/wp-json\/wp\/v2\/types\/product"}],"replies":[{"embeddable":true,"href":"https:\/\/flodega.com\/fr\/wp-json\/wp\/v2\/comments?post=11701"}],"wp:featuredmedia":[{"embeddable":true,"href":"https:\/\/flodega.com\/fr\/wp-json\/wp\/v2\/media\/11688"}],"wp:attachment":[{"href":"https:\/\/flodega.com\/fr\/wp-json\/wp\/v2\/media?parent=11701"}],"wp:term":[{"taxonomy":"product_brand","embeddable":true,"href":"https:\/\/flodega.com\/fr\/wp-json\/wp\/v2\/product_brand?post=11701"},{"taxonomy":"product_cat","embeddable":true,"href":"https:\/\/flodega.com\/fr\/wp-json\/wp\/v2\/product_cat?post=11701"},{"taxonomy":"product_tag","embeddable":true,"href":"https:\/\/flodega.com\/fr\/wp-json\/wp\/v2\/product_tag?post=11701"}],"curies":[{"name":"wp","href":"https:\/\/api.w.org\/{rel}","templated":true}]}}