{"id":11679,"date":"2026-04-17T12:51:14","date_gmt":"2026-04-17T16:51:14","guid":{"rendered":"https:\/\/flodega.com\/?post_type=product&#038;p=11679"},"modified":"2026-04-18T00:27:46","modified_gmt":"2026-04-18T04:27:46","slug":"platinum-blue-gelatti","status":"publish","type":"product","link":"https:\/\/flodega.com\/fr\/produit\/platinum-blue-gelatti\/","title":{"rendered":"Platinum Blue Gelatti"},"content":{"rendered":"[vc_row type=\u00a0\u00bbin_container\u00a0\u00bb full_screen_row_position=\u00a0\u00bbmiddle\u00a0\u00bb column_margin=\u00a0\u00bbdefault\u00a0\u00bb column_direction=\u00a0\u00bbdefault\u00a0\u00bb column_direction_tablet=\u00a0\u00bbdefault\u00a0\u00bb column_direction_phone=\u00a0\u00bbdefault\u00a0\u00bb scene_position=\u00a0\u00bbcenter\u00a0\u00bb text_color=\u00a0\u00bbdark\u00a0\u00bb text_align=\u00a0\u00bbleft\u00a0\u00bb row_border_radius=\u00a0\u00bbnone\u00a0\u00bb row_border_radius_applies=\u00a0\u00bbbg\u00a0\u00bb overflow=\u00a0\u00bbvisible\u00a0\u00bb class=\u00a0\u00bbflodega-single-product\u00a0\u00bb overlay_strength=\u00a0\u00bb0.3&Prime; gradient_direction=\u00a0\u00bbleft_to_right\u00a0\u00bb shape_divider_position=\u00a0\u00bbbottom\u00a0\u00bb bg_image_animation=\u00a0\u00bbnone\u00a0\u00bb gradient_type=\u00a0\u00bbdefault\u00a0\u00bb shape_type=\u00a0\u00bb\u00a0\u00bb][vc_column column_padding=\u00a0\u00bbno-extra-padding\u00a0\u00bb column_padding_tablet=\u00a0\u00bbinherit\u00a0\u00bb column_padding_phone=\u00a0\u00bbinherit\u00a0\u00bb column_padding_position=\u00a0\u00bball\u00a0\u00bb column_element_direction_desktop=\u00a0\u00bbdefault\u00a0\u00bb column_element_spacing=\u00a0\u00bbdefault\u00a0\u00bb desktop_text_alignment=\u00a0\u00bbdefault\u00a0\u00bb tablet_text_alignment=\u00a0\u00bbdefault\u00a0\u00bb phone_text_alignment=\u00a0\u00bbdefault\u00a0\u00bb background_color_opacity=\u00a0\u00bb1&Prime; background_hover_color_opacity=\u00a0\u00bb1&Prime; column_backdrop_filter=\u00a0\u00bbnone\u00a0\u00bb column_shadow=\u00a0\u00bbnone\u00a0\u00bb column_border_radius=\u00a0\u00bbnone\u00a0\u00bb column_link_target=\u00a0\u00bb_self\u00a0\u00bb column_position=\u00a0\u00bbdefault\u00a0\u00bb gradient_direction=\u00a0\u00bbleft_to_right\u00a0\u00bb overlay_strength=\u00a0\u00bb0.3&Prime; width=\u00a0\u00bb1\/1&Prime; tablet_width_inherit=\u00a0\u00bbdefault\u00a0\u00bb animation_type=\u00a0\u00bbdefault\u00a0\u00bb bg_image_animation=\u00a0\u00bbnone\u00a0\u00bb border_type=\u00a0\u00bbsimple\u00a0\u00bb column_border_width=\u00a0\u00bbnone\u00a0\u00bb column_border_style=\u00a0\u00bbsolid\u00a0\u00bb][toggles style=\u00a0\u00bbminimal\u00a0\u00bb accordion=\u00a0\u00bbtrue\u00a0\u00bb accordion_starting_functionality=\u00a0\u00bbclosed\u00a0\u00bb][toggle color=\u00a0\u00bbDefault\u00a0\u00bb heading_tag=\u00a0\u00bbdefault\u00a0\u00bb heading_tag_functionality=\u00a0\u00bbdefault\u00a0\u00bb title=\u00a0\u00bbDescription\u00a0\u00bb][vc_column_text css=\u00a0\u00bb\u00a0\u00bb text_direction=\u00a0\u00bbdefault\u00a0\u00bb]D\u00e8s que tu brises le sceau, la vari\u00e9t\u00e9 se pr\u00e9sente d\u2019elle-m\u00eame. Des fruits m\u00fbrs et sucr\u00e9s frappent d\u2019abord, suivis d\u2019une vague chaleureuse, cr\u00e9meuse et p\u00e2tissi\u00e8re, puis une note funky, gazeuse et caoutchouteuse vient rappeler qu\u2019il y a une vraie puissance sous toute cette douceur. Un nez complexe qui continue de se r\u00e9v\u00e9ler avec le temps. La fum\u00e9e suit la m\u00eame ligne. Fruit\u00e9 et doux \u00e0 l\u2019inhalation, puis la base Gelatti prend le relais \u00e0 l\u2019expiration, terreuse, poivr\u00e9e, avec une touche de carburant. La saveur reste longtemps en bouche, m\u00eame apr\u00e8s avoir pos\u00e9 le joint. Visuellement, les fleurs attirent l\u2019\u0153il, scintillent \u00e0 la lumi\u00e8re et malgr\u00e9 une structure plus petite, les t\u00eates sont charg\u00e9es de r\u00e9sine. Des pourpres profonds, des verts riches, et une couche de trichomes qui donne l\u2019impression d\u2019un l\u00e9ger saupoudrage de sucre glace. \u00c0 l\u2019effritement, c\u2019est collant et dense. C\u00f4t\u00e9 effets, c\u2019est un poids lourd dans un bel emballage. L\u2019euphorie arrive rapidement, suivie d\u2019une chaleur corporelle profonde et enveloppante qui s\u2019installe s\u00e9rieusement. Les patients m\u00e9dicaux la gardent pour une raison, le soulagement est r\u00e9el et durable. Une vari\u00e9t\u00e9 \u00e0 ne pas sous-estimer, et difficile \u00e0 oublier.[\/vc_column_text][\/toggle][toggle color=\u00a0\u00bbDefault\u00a0\u00bb heading_tag=\u00a0\u00bbdefault\u00a0\u00bb heading_tag_functionality=\u00a0\u00bbdefault\u00a0\u00bb title=\u00a0\u00bbSp\u00e9cifications\u00a0\u00bb][vc_column_text css=\u00a0\u00bb\u00a0\u00bb text_direction=\u00a0\u00bbdefault\u00a0\u00bb]75\/25 Hybride de dominance Indica<br \/>\nTHC % : 28-34<br \/>\nTerp\u00e8nes % : 3-4<br \/>\nDate d&#8217;emballage: 2 Avril 2026[\/vc_column_text][\/toggle][toggle color=\u00a0\u00bbDefault\u00a0\u00bb heading_tag=\u00a0\u00bbdefault\u00a0\u00bb heading_tag_functionality=\u00a0\u00bbdefault\u00a0\u00bb title=\u00a0\u00bbSaveurs, ar\u00f4mes &amp; sensations\u00a0\u00bb][vc_column_text css=\u00a0\u00bb\u00a0\u00bb text_direction=\u00a0\u00bbdefault\u00a0\u00bb]Fruits acides, p\u00e2tisseries sucr\u00e9es et gaz poivr\u00e9.<\/p>\n<p>Euphorique, s\u00e9datif, longue dur\u00e9e.[\/vc_column_text][\/toggle][\/toggles][\/vc_column][\/vc_row]\n","protected":false},"excerpt":{"rendered":"<p>[vc_row type=\u00a0\u00bbin_container\u00a0\u00bb full_screen_row_position=\u00a0\u00bbmiddle\u00a0\u00bb column_margin=\u00a0\u00bbdefault\u00a0\u00bb column_direction=\u00a0\u00bbdefault\u00a0\u00bb column_direction_tablet=\u00a0\u00bbdefault\u00a0\u00bb column_direction_phone=\u00a0\u00bbdefault\u00a0\u00bb scene_position=\u00a0\u00bbcenter\u00a0\u00bb text_color=\u00a0\u00bbdark\u00a0\u00bb text_align=\u00a0\u00bbleft\u00a0\u00bb row_border_radius=\u00a0\u00bbnone\u00a0\u00bb row_border_radius_applies=\u00a0\u00bbbg\u00a0\u00bb overflow=\u00a0\u00bbvisible\u00a0\u00bb class=\u00a0\u00bbflodega-single-product\u00a0\u00bb overlay_strength=\u00a0\u00bb0.3&Prime; gradient_direction=\u00a0\u00bbleft_to_right\u00a0\u00bb shape_divider_position=\u00a0\u00bbbottom\u00a0\u00bb bg_image_animation=\u00a0\u00bbnone\u00a0\u00bb gradient_type=\u00a0\u00bbdefault\u00a0\u00bb shape_type=\u00a0\u00bb\u00a0\u00bb][vc_column column_padding=\u00a0\u00bbno-extra-padding\u00a0\u00bb column_padding_tablet=\u00a0\u00bbinherit\u00a0\u00bb column_padding_phone=\u00a0\u00bbinherit\u00a0\u00bb column_padding_position=\u00a0\u00bball\u00a0\u00bb column_element_direction_desktop=\u00a0\u00bbdefault\u00a0\u00bb column_element_spacing=\u00a0\u00bbdefault\u00a0\u00bb desktop_text_alignment=\u00a0\u00bbdefault\u00a0\u00bb tablet_text_alignment=\u00a0\u00bbdefault\u00a0\u00bb phone_text_alignment=\u00a0\u00bbdefault\u00a0\u00bb background_color_opacity=\u00a0\u00bb1&Prime;&#8230;<\/p>\n","protected":false},"featured_media":11666,"comment_status":"closed","ping_status":"closed","template":"","meta":{"_acf_changed":false},"product_brand":[108],"product_cat":[165],"product_tag":[229,782,783,179,211,180,376,538,784,413,433,435,775,181,544,285,484,485,286],"class_list":{"0":"post-11679","1":"product","2":"type-product","3":"status-publish","4":"has-post-thumbnail","6":"product_brand-lot-420","7":"product_cat-fleurs","8":"product_tag-aaaa-fr","9":"product_tag-blue","10":"product_tag-blue-power","11":"product_tag-dried-flower-fr","12":"product_tag-flodega-fr","13":"product_tag-flower-fr","14":"product_tag-flowers-fr","15":"product_tag-gelato-fr","16":"product_tag-gelatti","17":"product_tag-hybrid-fr","18":"product_tag-hybride-fr","19":"product_tag-indica-fr","20":"product_tag-indica-dominant","21":"product_tag-lot420-fr","22":"product_tag-platinum-fr","23":"product_tag-terpenes-fr","24":"product_tag-terps-fr","25":"product_tag-terpy-fr","26":"product_tag-thc-fr","27":"pa_weight-in-grams-14g-fr","28":"pa_weight-in-grams-28g-fr","29":"pa_weight-in-grams-3g-fr","30":"pa_weight-in-grams-6g-fr","32":"first","33":"instock","34":"taxable","35":"shipping-taxable","36":"purchasable","37":"product-type-variable"},"acf":[],"yoast_head":"<!-- This site is optimized with the Yoast SEO plugin v26.9 - https:\/\/yoast.com\/product\/yoast-seo-wordpress\/ -->\n<title>Platinum Blue Gelatti | Flodega<\/title>\n<meta name=\"robots\" content=\"index, follow, max-snippet:-1, max-image-preview:large, max-video-preview:-1\" \/>\n<link rel=\"canonical\" href=\"https:\/\/flodega.com\/fr\/produit\/platinum-blue-gelatti\/\" \/>\n<meta property=\"og:locale\" content=\"fr_CA\" \/>\n<meta property=\"og:type\" content=\"article\" \/>\n<meta property=\"og:title\" content=\"Platinum Blue Gelatti | Flodega\" \/>\n<meta property=\"og:description\" content=\"[vc_row type=\u00a0\u00bbin_container\u00a0\u00bb full_screen_row_position=\u00a0\u00bbmiddle\u00a0\u00bb column_margin=\u00a0\u00bbdefault\u00a0\u00bb column_direction=\u00a0\u00bbdefault\u00a0\u00bb column_direction_tablet=\u00a0\u00bbdefault\u00a0\u00bb column_direction_phone=\u00a0\u00bbdefault\u00a0\u00bb scene_position=\u00a0\u00bbcenter\u00a0\u00bb text_color=\u00a0\u00bbdark\u00a0\u00bb text_align=\u00a0\u00bbleft\u00a0\u00bb row_border_radius=\u00a0\u00bbnone\u00a0\u00bb row_border_radius_applies=\u00a0\u00bbbg\u00a0\u00bb overflow=\u00a0\u00bbvisible\u00a0\u00bb class=\u00a0\u00bbflodega-single-product\u00a0\u00bb overlay_strength=\u00a0\u00bb0.3&Prime; gradient_direction=\u00a0\u00bbleft_to_right\u00a0\u00bb shape_divider_position=\u00a0\u00bbbottom\u00a0\u00bb bg_image_animation=\u00a0\u00bbnone\u00a0\u00bb gradient_type=\u00a0\u00bbdefault\u00a0\u00bb shape_type=\u00a0\u00bb\u00a0\u00bb][vc_column column_padding=\u00a0\u00bbno-extra-padding\u00a0\u00bb column_padding_tablet=\u00a0\u00bbinherit\u00a0\u00bb column_padding_phone=\u00a0\u00bbinherit\u00a0\u00bb column_padding_position=\u00a0\u00bball\u00a0\u00bb column_element_direction_desktop=\u00a0\u00bbdefault\u00a0\u00bb column_element_spacing=\u00a0\u00bbdefault\u00a0\u00bb desktop_text_alignment=\u00a0\u00bbdefault\u00a0\u00bb tablet_text_alignment=\u00a0\u00bbdefault\u00a0\u00bb phone_text_alignment=\u00a0\u00bbdefault\u00a0\u00bb background_color_opacity=\u00a0\u00bb1&Prime;...\" \/>\n<meta property=\"og:url\" content=\"https:\/\/flodega.com\/fr\/produit\/platinum-blue-gelatti\/\" \/>\n<meta property=\"og:site_name\" content=\"Flodega\" \/>\n<meta property=\"article:publisher\" content=\"https:\/\/www.facebook.com\/profile.php?id=100089142892690\" \/>\n<meta property=\"article:modified_time\" content=\"2026-04-18T04:27:46+00:00\" \/>\n<meta property=\"og:image\" content=\"https:\/\/flodega.com\/wp-content\/uploads\/2026\/04\/PBG1.jpg\" \/>\n\t<meta property=\"og:image:width\" content=\"2000\" \/>\n\t<meta property=\"og:image:height\" content=\"2000\" \/>\n\t<meta property=\"og:image:type\" content=\"image\/jpeg\" \/>\n<meta name=\"twitter:card\" content=\"summary_large_image\" \/>\n<meta name=\"twitter:label1\" content=\"Estimation du temps de lecture\" \/>\n\t<meta name=\"twitter:data1\" content=\"2 minutes\" \/>\n<script type=\"application\/ld+json\" class=\"yoast-schema-graph\">{\"@context\":\"https:\/\/schema.org\",\"@graph\":[{\"@type\":\"WebPage\",\"@id\":\"https:\/\/flodega.com\/fr\/produit\/platinum-blue-gelatti\/\",\"url\":\"https:\/\/flodega.com\/fr\/produit\/platinum-blue-gelatti\/\",\"name\":\"Platinum Blue Gelatti | Flodega\",\"isPartOf\":{\"@id\":\"https:\/\/flodega.com\/#website\"},\"primaryImageOfPage\":{\"@id\":\"https:\/\/flodega.com\/fr\/produit\/platinum-blue-gelatti\/#primaryimage\"},\"image\":{\"@id\":\"https:\/\/flodega.com\/fr\/produit\/platinum-blue-gelatti\/#primaryimage\"},\"thumbnailUrl\":\"https:\/\/flodega.com\/wp-content\/uploads\/2026\/04\/PBG1.jpg\",\"datePublished\":\"2026-04-17T16:51:14+00:00\",\"dateModified\":\"2026-04-18T04:27:46+00:00\",\"breadcrumb\":{\"@id\":\"https:\/\/flodega.com\/fr\/produit\/platinum-blue-gelatti\/#breadcrumb\"},\"inLanguage\":\"fr-CA\",\"potentialAction\":[{\"@type\":\"ReadAction\",\"target\":[\"https:\/\/flodega.com\/fr\/produit\/platinum-blue-gelatti\/\"]}]},{\"@type\":\"ImageObject\",\"inLanguage\":\"fr-CA\",\"@id\":\"https:\/\/flodega.com\/fr\/produit\/platinum-blue-gelatti\/#primaryimage\",\"url\":\"https:\/\/flodega.com\/wp-content\/uploads\/2026\/04\/PBG1.jpg\",\"contentUrl\":\"https:\/\/flodega.com\/wp-content\/uploads\/2026\/04\/PBG1.jpg\",\"width\":2000,\"height\":2000},{\"@type\":\"BreadcrumbList\",\"@id\":\"https:\/\/flodega.com\/fr\/produit\/platinum-blue-gelatti\/#breadcrumb\",\"itemListElement\":[{\"@type\":\"ListItem\",\"position\":1,\"name\":\"Accueil\",\"item\":\"https:\/\/flodega.com\/fr\/\"},{\"@type\":\"ListItem\",\"position\":2,\"name\":\"La shop\",\"item\":\"https:\/\/flodega.com\/fr\/boutique\/\"},{\"@type\":\"ListItem\",\"position\":3,\"name\":\"Platinum Blue Gelatti\"}]},{\"@type\":\"WebSite\",\"@id\":\"https:\/\/flodega.com\/#website\",\"url\":\"https:\/\/flodega.com\/\",\"name\":\"Flodega | AAAA\",\"description\":\"AAAA Flowers\",\"publisher\":{\"@id\":\"https:\/\/flodega.com\/#organization\"},\"potentialAction\":[{\"@type\":\"SearchAction\",\"target\":{\"@type\":\"EntryPoint\",\"urlTemplate\":\"https:\/\/flodega.com\/?s={search_term_string}\"},\"query-input\":{\"@type\":\"PropertyValueSpecification\",\"valueRequired\":true,\"valueName\":\"search_term_string\"}}],\"inLanguage\":\"fr-CA\"},{\"@type\":\"Organization\",\"@id\":\"https:\/\/flodega.com\/#organization\",\"name\":\"Flodega\",\"url\":\"https:\/\/flodega.com\/\",\"logo\":{\"@type\":\"ImageObject\",\"inLanguage\":\"fr-CA\",\"@id\":\"https:\/\/flodega.com\/#\/schema\/logo\/image\/\",\"url\":\"https:\/\/flodega.com\/wp-content\/uploads\/2025\/05\/Banner-Flodega.png\",\"contentUrl\":\"https:\/\/flodega.com\/wp-content\/uploads\/2025\/05\/Banner-Flodega.png\",\"width\":5562,\"height\":1710,\"caption\":\"Flodega\"},\"image\":{\"@id\":\"https:\/\/flodega.com\/#\/schema\/logo\/image\/\"},\"sameAs\":[\"https:\/\/www.facebook.com\/profile.php?id=100089142892690\",\"https:\/\/www.instagram.com\/flodegaaaa\/\"]}]}<\/script>\n<!-- \/ Yoast SEO plugin. -->","yoast_head_json":{"title":"Platinum Blue Gelatti | Flodega","robots":{"index":"index","follow":"follow","max-snippet":"max-snippet:-1","max-image-preview":"max-image-preview:large","max-video-preview":"max-video-preview:-1"},"canonical":"https:\/\/flodega.com\/fr\/produit\/platinum-blue-gelatti\/","og_locale":"fr_CA","og_type":"article","og_title":"Platinum Blue Gelatti | Flodega","og_description":"[vc_row type=\u00a0\u00bbin_container\u00a0\u00bb full_screen_row_position=\u00a0\u00bbmiddle\u00a0\u00bb column_margin=\u00a0\u00bbdefault\u00a0\u00bb column_direction=\u00a0\u00bbdefault\u00a0\u00bb column_direction_tablet=\u00a0\u00bbdefault\u00a0\u00bb column_direction_phone=\u00a0\u00bbdefault\u00a0\u00bb scene_position=\u00a0\u00bbcenter\u00a0\u00bb text_color=\u00a0\u00bbdark\u00a0\u00bb text_align=\u00a0\u00bbleft\u00a0\u00bb row_border_radius=\u00a0\u00bbnone\u00a0\u00bb row_border_radius_applies=\u00a0\u00bbbg\u00a0\u00bb overflow=\u00a0\u00bbvisible\u00a0\u00bb class=\u00a0\u00bbflodega-single-product\u00a0\u00bb overlay_strength=\u00a0\u00bb0.3&Prime; gradient_direction=\u00a0\u00bbleft_to_right\u00a0\u00bb shape_divider_position=\u00a0\u00bbbottom\u00a0\u00bb bg_image_animation=\u00a0\u00bbnone\u00a0\u00bb gradient_type=\u00a0\u00bbdefault\u00a0\u00bb shape_type=\u00a0\u00bb\u00a0\u00bb][vc_column column_padding=\u00a0\u00bbno-extra-padding\u00a0\u00bb column_padding_tablet=\u00a0\u00bbinherit\u00a0\u00bb column_padding_phone=\u00a0\u00bbinherit\u00a0\u00bb column_padding_position=\u00a0\u00bball\u00a0\u00bb column_element_direction_desktop=\u00a0\u00bbdefault\u00a0\u00bb column_element_spacing=\u00a0\u00bbdefault\u00a0\u00bb desktop_text_alignment=\u00a0\u00bbdefault\u00a0\u00bb tablet_text_alignment=\u00a0\u00bbdefault\u00a0\u00bb phone_text_alignment=\u00a0\u00bbdefault\u00a0\u00bb background_color_opacity=\u00a0\u00bb1&Prime;...","og_url":"https:\/\/flodega.com\/fr\/produit\/platinum-blue-gelatti\/","og_site_name":"Flodega","article_publisher":"https:\/\/www.facebook.com\/profile.php?id=100089142892690","article_modified_time":"2026-04-18T04:27:46+00:00","og_image":[{"width":2000,"height":2000,"url":"https:\/\/flodega.com\/wp-content\/uploads\/2026\/04\/PBG1.jpg","type":"image\/jpeg"}],"twitter_card":"summary_large_image","twitter_misc":{"Estimation du temps de lecture":"2 minutes"},"schema":{"@context":"https:\/\/schema.org","@graph":[{"@type":"WebPage","@id":"https:\/\/flodega.com\/fr\/produit\/platinum-blue-gelatti\/","url":"https:\/\/flodega.com\/fr\/produit\/platinum-blue-gelatti\/","name":"Platinum Blue Gelatti | Flodega","isPartOf":{"@id":"https:\/\/flodega.com\/#website"},"primaryImageOfPage":{"@id":"https:\/\/flodega.com\/fr\/produit\/platinum-blue-gelatti\/#primaryimage"},"image":{"@id":"https:\/\/flodega.com\/fr\/produit\/platinum-blue-gelatti\/#primaryimage"},"thumbnailUrl":"https:\/\/flodega.com\/wp-content\/uploads\/2026\/04\/PBG1.jpg","datePublished":"2026-04-17T16:51:14+00:00","dateModified":"2026-04-18T04:27:46+00:00","breadcrumb":{"@id":"https:\/\/flodega.com\/fr\/produit\/platinum-blue-gelatti\/#breadcrumb"},"inLanguage":"fr-CA","potentialAction":[{"@type":"ReadAction","target":["https:\/\/flodega.com\/fr\/produit\/platinum-blue-gelatti\/"]}]},{"@type":"ImageObject","inLanguage":"fr-CA","@id":"https:\/\/flodega.com\/fr\/produit\/platinum-blue-gelatti\/#primaryimage","url":"https:\/\/flodega.com\/wp-content\/uploads\/2026\/04\/PBG1.jpg","contentUrl":"https:\/\/flodega.com\/wp-content\/uploads\/2026\/04\/PBG1.jpg","width":2000,"height":2000},{"@type":"BreadcrumbList","@id":"https:\/\/flodega.com\/fr\/produit\/platinum-blue-gelatti\/#breadcrumb","itemListElement":[{"@type":"ListItem","position":1,"name":"Accueil","item":"https:\/\/flodega.com\/fr\/"},{"@type":"ListItem","position":2,"name":"La shop","item":"https:\/\/flodega.com\/fr\/boutique\/"},{"@type":"ListItem","position":3,"name":"Platinum Blue Gelatti"}]},{"@type":"WebSite","@id":"https:\/\/flodega.com\/#website","url":"https:\/\/flodega.com\/","name":"Flodega | AAAA","description":"AAAA Flowers","publisher":{"@id":"https:\/\/flodega.com\/#organization"},"potentialAction":[{"@type":"SearchAction","target":{"@type":"EntryPoint","urlTemplate":"https:\/\/flodega.com\/?s={search_term_string}"},"query-input":{"@type":"PropertyValueSpecification","valueRequired":true,"valueName":"search_term_string"}}],"inLanguage":"fr-CA"},{"@type":"Organization","@id":"https:\/\/flodega.com\/#organization","name":"Flodega","url":"https:\/\/flodega.com\/","logo":{"@type":"ImageObject","inLanguage":"fr-CA","@id":"https:\/\/flodega.com\/#\/schema\/logo\/image\/","url":"https:\/\/flodega.com\/wp-content\/uploads\/2025\/05\/Banner-Flodega.png","contentUrl":"https:\/\/flodega.com\/wp-content\/uploads\/2025\/05\/Banner-Flodega.png","width":5562,"height":1710,"caption":"Flodega"},"image":{"@id":"https:\/\/flodega.com\/#\/schema\/logo\/image\/"},"sameAs":["https:\/\/www.facebook.com\/profile.php?id=100089142892690","https:\/\/www.instagram.com\/flodegaaaa\/"]}]}},"_links":{"self":[{"href":"https:\/\/flodega.com\/fr\/wp-json\/wp\/v2\/product\/11679","targetHints":{"allow":["GET"]}}],"collection":[{"href":"https:\/\/flodega.com\/fr\/wp-json\/wp\/v2\/product"}],"about":[{"href":"https:\/\/flodega.com\/fr\/wp-json\/wp\/v2\/types\/product"}],"replies":[{"embeddable":true,"href":"https:\/\/flodega.com\/fr\/wp-json\/wp\/v2\/comments?post=11679"}],"wp:featuredmedia":[{"embeddable":true,"href":"https:\/\/flodega.com\/fr\/wp-json\/wp\/v2\/media\/11666"}],"wp:attachment":[{"href":"https:\/\/flodega.com\/fr\/wp-json\/wp\/v2\/media?parent=11679"}],"wp:term":[{"taxonomy":"product_brand","embeddable":true,"href":"https:\/\/flodega.com\/fr\/wp-json\/wp\/v2\/product_brand?post=11679"},{"taxonomy":"product_cat","embeddable":true,"href":"https:\/\/flodega.com\/fr\/wp-json\/wp\/v2\/product_cat?post=11679"},{"taxonomy":"product_tag","embeddable":true,"href":"https:\/\/flodega.com\/fr\/wp-json\/wp\/v2\/product_tag?post=11679"}],"curies":[{"name":"wp","href":"https:\/\/api.w.org\/{rel}","templated":true}]}}